{"id":883,"date":"2024-05-15T16:28:02","date_gmt":"2024-05-15T14:28:02","guid":{"rendered":"https:\/\/nixiefab-france.fr\/?post_type=product&#038;p=883"},"modified":"2024-10-01T15:56:44","modified_gmt":"2024-10-01T13:56:44","slug":"la-carbonixie-n-2-tubes-zin-70","status":"publish","type":"product","link":"https:\/\/nixiefab-france.fr\/en\/shop\/la-carbonixie-n-2-tubes-zin-70\/","title":{"rendered":"La \u00ab\u00a0carbonixie N\u00b0 2\u00a0\u00bb tubes ZIN 70"},"content":{"rendered":"<div data-elementor-type=\"product-post\" data-elementor-id=\"883\" class=\"elementor elementor-883\" data-elementor-post-type=\"product\">\n\t\t\t\t<div class=\"elementor-element elementor-element-7400791f e-flex e-con-boxed wpr-particle-no wpr-jarallax-no wpr-parallax-no wpr-sticky-section-no wpr-equal-height-no e-con e-parent\" data-id=\"7400791f\" data-element_type=\"container\" data-e-type=\"container\">\n\t\t\t\t\t<div class=\"e-con-inner\">\n\t\t\t\t<div class=\"elementor-element elementor-element-56904fd0 elementor-widget elementor-widget-text-editor\" data-id=\"56904fd0\" data-element_type=\"widget\" data-e-type=\"widget\" data-widget_type=\"text-editor.default\">\n\t\t\t\t<div class=\"elementor-widget-container\">\n\t\t\t\t\t\t\t\t\tFeaturing tubes made by a Ukrainian craftsman who revived 70s production with traditional craftsmanship enhanced by modern technology, this clock embodies excellence. Controlled by precise electronics, it offers Wi-Fi connectivity, full configuration via a smartphone app, and automatically synchronizes to the exact time via Wi-Fi. These tubes enjoy an exceptional longevity of around 20 years.<br>I designed a support to match the quality of the tubes, combining precious Cuban mahogany, reputed to be the most expensive wood in the world and prized in the world of luxury boats, with 5mm-thick forged carbon, a symbol of modern luxury. The solid oak, beech and walnut frieze enhances the overall look.  <br>Placing this clock in your living room or business goes far beyond a simple touch of luxury. It's also an unusual, little-known piece that will capture the attention of your visitors and guests.\t\t\t\t\t\t\t\t<\/div>\n\t\t\t\t<\/div>\n\t\t\t\t\t<\/div>\n\t\t\t\t<\/div>\n\t\t<div class=\"elementor-element elementor-element-1e6894d e-flex e-con-boxed wpr-particle-no wpr-jarallax-no wpr-parallax-no wpr-sticky-section-no wpr-equal-height-no e-con e-parent\" data-id=\"1e6894d\" data-element_type=\"container\" data-e-type=\"container\">\n\t\t\t\t\t<div class=\"e-con-inner\">\n\t\t\t\t<div class=\"elementor-element elementor-element-6ab7928 elementor-button-info elementor-align-center elementor-widget elementor-widget-button\" data-id=\"6ab7928\" data-element_type=\"widget\" data-e-type=\"widget\" data-widget_type=\"button.default\">\n\t\t\t\t<div class=\"elementor-widget-container\">\n\t\t\t\t\t\t\t\t\t<div class=\"elementor-button-wrapper\">\n\t\t\t\t\t<a class=\"elementor-button elementor-button-link elementor-size-sm\" href=\"http:\/\/nixiefab-france.fr\/en\/personalisation\/\">\n\t\t\t\t\t\t<span class=\"elementor-button-content-wrapper\">\n\t\t\t\t\t\t\t\t\t<span class=\"elementor-button-text\">Request a quote<\/span>\n\t\t\t\t\t<\/span>\n\t\t\t\t\t<\/a>\n\t\t\t\t<\/div>\n\t\t\t\t\t\t\t\t<\/div>\n\t\t\t\t<\/div>\n\t\t\t\t\t<\/div>\n\t\t\t\t<\/div>\n\t\t\t\t<\/div>","protected":false},"excerpt":{"rendered":"<p>Discover an exceptional clock, showcasing the new top-of-the-range Nixie ZIN 70 tube. Its case is meticulously crafted in my workshop, combining a frame in precious Cuban mahogany with oak, walnut and ash inserts and a forged carbon plate with golden nuances, offering a unique and refined aesthetic.<br \/><strong>Limited edition of 20, bearing the N\u00b0 02<\/strong><\/p>","protected":false},"featured_media":884,"comment_status":"open","ping_status":"closed","template":"","meta":[],"product_brand":[],"product_cat":[28],"product_tag":[],"class_list":{"0":"post-883","1":"product","2":"type-product","3":"status-publish","4":"has-post-thumbnail","6":"product_cat-avec-tube-zin70","7":"product_shipping_class-zin70","9":"first","10":"instock","11":"taxable","12":"shipping-taxable","13":"product-type-simple"},"yoast_head":"<!-- This site is optimized with the Yoast SEO plugin v27.5 - https:\/\/yoast.com\/product\/yoast-seo-wordpress\/ -->\n<title>La &quot;carbonixie N\u00b0 2&quot; tubes ZIN 70 - NixieFab cr\u00e9ateur d&#039;horloges Nixie de luxe Fran\u00e7aise<\/title>\n<meta name=\"robots\" content=\"index, follow, max-snippet:-1, max-image-preview:large, max-video-preview:-1\" \/>\n<link rel=\"canonical\" href=\"https:\/\/nixiefab-france.fr\/en\/shop\/la-carbonixie-n-2-tubes-zin-70\/\" \/>\n<meta property=\"og:locale\" content=\"en_US\" \/>\n<meta property=\"og:type\" content=\"article\" \/>\n<meta property=\"og:title\" content=\"La &quot;carbonixie N\u00b0 2&quot; tubes ZIN 70 - NixieFab cr\u00e9ateur d&#039;horloges Nixie de luxe Fran\u00e7aise\" \/>\n<meta property=\"og:description\" content=\"D\u00e9couvrez une horloge d&#039;exception, mettant en valeur le tube Nixie ZIN 70 neuf haut de gamme. Son bo\u00eetier est r\u00e9alis\u00e9 avec soin dans mon atelier, associant un cadre en bois pr\u00e9cieux d&#039;acajou de Cuba d&#039;insert de ch\u00eane, noyer et fr\u00eane une plaque de carbone forg\u00e9 avec des nuances dor\u00e9es, offrant ainsi une esth\u00e9tique unique et raffin\u00e9e.S\u00e9rie limit\u00e9e \u00e0 20 exemplaires, elle porte le N\u00b0 02\" \/>\n<meta property=\"og:url\" content=\"https:\/\/nixiefab-france.fr\/en\/shop\/la-carbonixie-n-2-tubes-zin-70\/\" \/>\n<meta property=\"og:site_name\" content=\"NixieFab cr\u00e9ateur d&#039;horloges Nixie de luxe Fran\u00e7aise\" \/>\n<meta property=\"article:publisher\" content=\"https:\/\/www.facebook.com\/nixiefab.france\/about\" \/>\n<meta property=\"article:modified_time\" content=\"2024-10-01T13:56:44+00:00\" \/>\n<meta property=\"og:image\" content=\"https:\/\/nixiefab-france.fr\/wp-content\/uploads\/2024\/05\/NIXIEFAB-GM1.jpg\" \/>\n\t<meta property=\"og:image:width\" content=\"1080\" \/>\n\t<meta property=\"og:image:height\" content=\"719\" \/>\n\t<meta property=\"og:image:type\" content=\"image\/jpeg\" \/>\n<meta name=\"twitter:card\" content=\"summary_large_image\" \/>\n<meta name=\"twitter:site\" content=\"@NixieFab\" \/>\n<meta name=\"twitter:label1\" content=\"Est. reading time\" \/>\n\t<meta name=\"twitter:data1\" content=\"1 minute\" \/>\n<script type=\"application\/ld+json\" class=\"yoast-schema-graph\">{\"@context\":\"https:\\\/\\\/schema.org\",\"@graph\":[{\"@type\":\"WebPage\",\"@id\":\"https:\\\/\\\/nixiefab-france.fr\\\/shop\\\/la-carbonixie-n-2-tubes-zin-70\\\/\",\"url\":\"https:\\\/\\\/nixiefab-france.fr\\\/shop\\\/la-carbonixie-n-2-tubes-zin-70\\\/\",\"name\":\"La \\\"carbonixie N\u00b0 2\\\" tubes ZIN 70 - NixieFab cr\u00e9ateur d&#039;horloges Nixie de luxe Fran\u00e7aise\",\"isPartOf\":{\"@id\":\"https:\\\/\\\/nixiefab-france.fr\\\/#website\"},\"primaryImageOfPage\":{\"@id\":\"https:\\\/\\\/nixiefab-france.fr\\\/shop\\\/la-carbonixie-n-2-tubes-zin-70\\\/#primaryimage\"},\"image\":{\"@id\":\"https:\\\/\\\/nixiefab-france.fr\\\/shop\\\/la-carbonixie-n-2-tubes-zin-70\\\/#primaryimage\"},\"thumbnailUrl\":\"https:\\\/\\\/nixiefab-france.fr\\\/wp-content\\\/uploads\\\/2024\\\/05\\\/NIXIEFAB-GM1.jpg\",\"datePublished\":\"2024-05-15T14:28:02+00:00\",\"dateModified\":\"2024-10-01T13:56:44+00:00\",\"breadcrumb\":{\"@id\":\"https:\\\/\\\/nixiefab-france.fr\\\/shop\\\/la-carbonixie-n-2-tubes-zin-70\\\/#breadcrumb\"},\"inLanguage\":\"en-US\",\"potentialAction\":[{\"@type\":\"ReadAction\",\"target\":[\"https:\\\/\\\/nixiefab-france.fr\\\/shop\\\/la-carbonixie-n-2-tubes-zin-70\\\/\"]}]},{\"@type\":\"ImageObject\",\"inLanguage\":\"en-US\",\"@id\":\"https:\\\/\\\/nixiefab-france.fr\\\/shop\\\/la-carbonixie-n-2-tubes-zin-70\\\/#primaryimage\",\"url\":\"https:\\\/\\\/nixiefab-france.fr\\\/wp-content\\\/uploads\\\/2024\\\/05\\\/NIXIEFAB-GM1.jpg\",\"contentUrl\":\"https:\\\/\\\/nixiefab-france.fr\\\/wp-content\\\/uploads\\\/2024\\\/05\\\/NIXIEFAB-GM1.jpg\",\"width\":1080,\"height\":719,\"caption\":\"Horloge Nixie, Nixieclock, nixie, nixiefab\"},{\"@type\":\"BreadcrumbList\",\"@id\":\"https:\\\/\\\/nixiefab-france.fr\\\/shop\\\/la-carbonixie-n-2-tubes-zin-70\\\/#breadcrumb\",\"itemListElement\":[{\"@type\":\"ListItem\",\"position\":1,\"name\":\"Accueil\",\"item\":\"https:\\\/\\\/nixiefab-france.fr\\\/\"},{\"@type\":\"ListItem\",\"position\":2,\"name\":\"SHOP\",\"item\":\"https:\\\/\\\/nixiefab-france.fr\\\/shop\\\/\"},{\"@type\":\"ListItem\",\"position\":3,\"name\":\"La \u00ab\u00a0carbonixie N\u00b0 2\u00a0\u00bb tubes ZIN 70\"}]},{\"@type\":\"WebSite\",\"@id\":\"https:\\\/\\\/nixiefab-france.fr\\\/#website\",\"url\":\"https:\\\/\\\/nixiefab-france.fr\\\/\",\"name\":\"NixieFab cr\u00e9ateur d'horloges Nixie de luxe Fran\u00e7aise\",\"description\":\"Cr\u00e9ateur d&#039;horloges Nixie haut de gamme en France\",\"publisher\":{\"@id\":\"https:\\\/\\\/nixiefab-france.fr\\\/#organization\"},\"potentialAction\":[{\"@type\":\"SearchAction\",\"target\":{\"@type\":\"EntryPoint\",\"urlTemplate\":\"https:\\\/\\\/nixiefab-france.fr\\\/?s={search_term_string}\"},\"query-input\":{\"@type\":\"PropertyValueSpecification\",\"valueRequired\":true,\"valueName\":\"search_term_string\"}}],\"inLanguage\":\"en-US\"},{\"@type\":\"Organization\",\"@id\":\"https:\\\/\\\/nixiefab-france.fr\\\/#organization\",\"name\":\"NixieFab France\",\"url\":\"https:\\\/\\\/nixiefab-france.fr\\\/\",\"logo\":{\"@type\":\"ImageObject\",\"inLanguage\":\"en-US\",\"@id\":\"https:\\\/\\\/nixiefab-france.fr\\\/#\\\/schema\\\/logo\\\/image\\\/\",\"url\":\"https:\\\/\\\/nixiefab-france.fr\\\/wp-content\\\/uploads\\\/2024\\\/04\\\/miniature-or-sur-noir.webp\",\"contentUrl\":\"https:\\\/\\\/nixiefab-france.fr\\\/wp-content\\\/uploads\\\/2024\\\/04\\\/miniature-or-sur-noir.webp\",\"width\":342,\"height\":256,\"caption\":\"NixieFab France\"},\"image\":{\"@id\":\"https:\\\/\\\/nixiefab-france.fr\\\/#\\\/schema\\\/logo\\\/image\\\/\"},\"sameAs\":[\"https:\\\/\\\/www.facebook.com\\\/nixiefab.france\\\/about\",\"https:\\\/\\\/x.com\\\/NixieFab\",\"https:\\\/\\\/www.instagram.com\\\/nixiefab.france\",\"https:\\\/\\\/www.linkedin.com\\\/in\\\/fabrice-champenois-267a10a9\\\/\"]}]}<\/script>\n<!-- \/ Yoast SEO plugin. -->","yoast_head_json":{"title":"La \"carbonixie N\u00b0 2\" tubes ZIN 70 - NixieFab cr\u00e9ateur d&#039;horloges Nixie de luxe Fran\u00e7aise","robots":{"index":"index","follow":"follow","max-snippet":"max-snippet:-1","max-image-preview":"max-image-preview:large","max-video-preview":"max-video-preview:-1"},"canonical":"https:\/\/nixiefab-france.fr\/en\/shop\/la-carbonixie-n-2-tubes-zin-70\/","og_locale":"en_US","og_type":"article","og_title":"La \"carbonixie N\u00b0 2\" tubes ZIN 70 - NixieFab cr\u00e9ateur d&#039;horloges Nixie de luxe Fran\u00e7aise","og_description":"D\u00e9couvrez une horloge d'exception, mettant en valeur le tube Nixie ZIN 70 neuf haut de gamme. Son bo\u00eetier est r\u00e9alis\u00e9 avec soin dans mon atelier, associant un cadre en bois pr\u00e9cieux d'acajou de Cuba d'insert de ch\u00eane, noyer et fr\u00eane une plaque de carbone forg\u00e9 avec des nuances dor\u00e9es, offrant ainsi une esth\u00e9tique unique et raffin\u00e9e.S\u00e9rie limit\u00e9e \u00e0 20 exemplaires, elle porte le N\u00b0 02","og_url":"https:\/\/nixiefab-france.fr\/en\/shop\/la-carbonixie-n-2-tubes-zin-70\/","og_site_name":"NixieFab cr\u00e9ateur d&#039;horloges Nixie de luxe Fran\u00e7aise","article_publisher":"https:\/\/www.facebook.com\/nixiefab.france\/about","article_modified_time":"2024-10-01T13:56:44+00:00","og_image":[{"width":1080,"height":719,"url":"https:\/\/nixiefab-france.fr\/wp-content\/uploads\/2024\/05\/NIXIEFAB-GM1.jpg","type":"image\/jpeg"}],"twitter_card":"summary_large_image","twitter_site":"@NixieFab","twitter_misc":{"Est. reading time":"1 minute"},"schema":{"@context":"https:\/\/schema.org","@graph":[{"@type":"WebPage","@id":"https:\/\/nixiefab-france.fr\/shop\/la-carbonixie-n-2-tubes-zin-70\/","url":"https:\/\/nixiefab-france.fr\/shop\/la-carbonixie-n-2-tubes-zin-70\/","name":"La \"carbonixie N\u00b0 2\" tubes ZIN 70 - NixieFab cr\u00e9ateur d&#039;horloges Nixie de luxe Fran\u00e7aise","isPartOf":{"@id":"https:\/\/nixiefab-france.fr\/#website"},"primaryImageOfPage":{"@id":"https:\/\/nixiefab-france.fr\/shop\/la-carbonixie-n-2-tubes-zin-70\/#primaryimage"},"image":{"@id":"https:\/\/nixiefab-france.fr\/shop\/la-carbonixie-n-2-tubes-zin-70\/#primaryimage"},"thumbnailUrl":"https:\/\/nixiefab-france.fr\/wp-content\/uploads\/2024\/05\/NIXIEFAB-GM1.jpg","datePublished":"2024-05-15T14:28:02+00:00","dateModified":"2024-10-01T13:56:44+00:00","breadcrumb":{"@id":"https:\/\/nixiefab-france.fr\/shop\/la-carbonixie-n-2-tubes-zin-70\/#breadcrumb"},"inLanguage":"en-US","potentialAction":[{"@type":"ReadAction","target":["https:\/\/nixiefab-france.fr\/shop\/la-carbonixie-n-2-tubes-zin-70\/"]}]},{"@type":"ImageObject","inLanguage":"en-US","@id":"https:\/\/nixiefab-france.fr\/shop\/la-carbonixie-n-2-tubes-zin-70\/#primaryimage","url":"https:\/\/nixiefab-france.fr\/wp-content\/uploads\/2024\/05\/NIXIEFAB-GM1.jpg","contentUrl":"https:\/\/nixiefab-france.fr\/wp-content\/uploads\/2024\/05\/NIXIEFAB-GM1.jpg","width":1080,"height":719,"caption":"Horloge Nixie, Nixieclock, nixie, nixiefab"},{"@type":"BreadcrumbList","@id":"https:\/\/nixiefab-france.fr\/shop\/la-carbonixie-n-2-tubes-zin-70\/#breadcrumb","itemListElement":[{"@type":"ListItem","position":1,"name":"Accueil","item":"https:\/\/nixiefab-france.fr\/"},{"@type":"ListItem","position":2,"name":"SHOP","item":"https:\/\/nixiefab-france.fr\/shop\/"},{"@type":"ListItem","position":3,"name":"La \u00ab\u00a0carbonixie N\u00b0 2\u00a0\u00bb tubes ZIN 70"}]},{"@type":"WebSite","@id":"https:\/\/nixiefab-france.fr\/#website","url":"https:\/\/nixiefab-france.fr\/","name":"NixieFab cr\u00e9ateur d'horloges Nixie de luxe Fran\u00e7aise","description":"Cr\u00e9ateur d&#039;horloges Nixie haut de gamme en France","publisher":{"@id":"https:\/\/nixiefab-france.fr\/#organization"},"potentialAction":[{"@type":"SearchAction","target":{"@type":"EntryPoint","urlTemplate":"https:\/\/nixiefab-france.fr\/?s={search_term_string}"},"query-input":{"@type":"PropertyValueSpecification","valueRequired":true,"valueName":"search_term_string"}}],"inLanguage":"en-US"},{"@type":"Organization","@id":"https:\/\/nixiefab-france.fr\/#organization","name":"NixieFab France","url":"https:\/\/nixiefab-france.fr\/","logo":{"@type":"ImageObject","inLanguage":"en-US","@id":"https:\/\/nixiefab-france.fr\/#\/schema\/logo\/image\/","url":"https:\/\/nixiefab-france.fr\/wp-content\/uploads\/2024\/04\/miniature-or-sur-noir.webp","contentUrl":"https:\/\/nixiefab-france.fr\/wp-content\/uploads\/2024\/04\/miniature-or-sur-noir.webp","width":342,"height":256,"caption":"NixieFab France"},"image":{"@id":"https:\/\/nixiefab-france.fr\/#\/schema\/logo\/image\/"},"sameAs":["https:\/\/www.facebook.com\/nixiefab.france\/about","https:\/\/x.com\/NixieFab","https:\/\/www.instagram.com\/nixiefab.france","https:\/\/www.linkedin.com\/in\/fabrice-champenois-267a10a9\/"]}]}},"_links":{"self":[{"href":"https:\/\/nixiefab-france.fr\/en\/wp-json\/wp\/v2\/product\/883","targetHints":{"allow":["GET"]}}],"collection":[{"href":"https:\/\/nixiefab-france.fr\/en\/wp-json\/wp\/v2\/product"}],"about":[{"href":"https:\/\/nixiefab-france.fr\/en\/wp-json\/wp\/v2\/types\/product"}],"replies":[{"embeddable":true,"href":"https:\/\/nixiefab-france.fr\/en\/wp-json\/wp\/v2\/comments?post=883"}],"version-history":[{"count":8,"href":"https:\/\/nixiefab-france.fr\/en\/wp-json\/wp\/v2\/product\/883\/revisions"}],"predecessor-version":[{"id":1883,"href":"https:\/\/nixiefab-france.fr\/en\/wp-json\/wp\/v2\/product\/883\/revisions\/1883"}],"wp:featuredmedia":[{"embeddable":true,"href":"https:\/\/nixiefab-france.fr\/en\/wp-json\/wp\/v2\/media\/884"}],"wp:attachment":[{"href":"https:\/\/nixiefab-france.fr\/en\/wp-json\/wp\/v2\/media?parent=883"}],"wp:term":[{"taxonomy":"product_brand","embeddable":true,"href":"https:\/\/nixiefab-france.fr\/en\/wp-json\/wp\/v2\/product_brand?post=883"},{"taxonomy":"product_cat","embeddable":true,"href":"https:\/\/nixiefab-france.fr\/en\/wp-json\/wp\/v2\/product_cat?post=883"},{"taxonomy":"product_tag","embeddable":true,"href":"https:\/\/nixiefab-france.fr\/en\/wp-json\/wp\/v2\/product_tag?post=883"}],"curies":[{"name":"wp","href":"https:\/\/api.w.org\/{rel}","templated":true}]}}