{"id":644,"date":"2024-05-10T18:35:55","date_gmt":"2024-05-10T16:35:55","guid":{"rendered":"https:\/\/nixiefab-france.fr\/?post_type=product&#038;p=644"},"modified":"2025-09-22T10:03:55","modified_gmt":"2025-09-22T08:03:55","slug":"la-in14marble-n-01modele-tubes-in14-resine-noir","status":"publish","type":"product","link":"https:\/\/nixiefab-france.fr\/en\/shop\/la-in14marble-n-01modele-tubes-in14-resine-noir\/","title":{"rendered":"La \u00ab\u00a0IN14BLUE N\u00b0 01\u00a0\u00bb"},"content":{"rendered":"<p>Dive into the retro era with this magnificent Nixie clock, meticulously assembled by hand, the case entirely designed in my workshop.<br \/>Equipped with a module of 6 IN-14 tubes of Ukrainian origin, sourced from new stocks from the 70s and 80s, it embodies the authenticity and charm of the past.<br \/>Designed with quality electronic circuitry, this clock offers outstanding accuracy and exceptional durability. Nixie tubes, renowned for their longevity, typically offer over twenty years of reliable operation.<br \/>The addition of a built-in LED backlight creates mesmerizing color nuances, further enhancing the aesthetics of Nixie tubes. Fully customizable, it can be adapted to your personal preferences and comes with detailed instructions in a bespoke wooden case.<br \/>Adding a touch of elegance to your home. This Nixie clock is much more than a simple time-keeping instrument; it's also a style statement that's sure to capture the attention of your guests, while adding a touch of nostalgia and sophistication to your d\u00e9cor.<\/p>","protected":false},"excerpt":{"rendered":"<p>Superb, one-of-a-kind Nixie clock in 20-year-old walnut and river-table blue resin, IN14 tubes model.<br \/><strong>Limited edition of 30 copies worldwide<\/strong>, <strong>it bears No. 1<\/strong><\/p>","protected":false},"featured_media":643,"comment_status":"open","ping_status":"closed","template":"","meta":[],"product_brand":[],"product_cat":[29],"product_tag":[],"class_list":{"0":"post-644","1":"product","2":"type-product","3":"status-publish","4":"has-post-thumbnail","6":"product_cat-avec-tube-in-14","8":"first","9":"instock","10":"taxable","11":"shipping-taxable","12":"purchasable","13":"product-type-simple"},"yoast_head":"<!-- This site is optimized with the Yoast SEO plugin v27.3 - https:\/\/yoast.com\/product\/yoast-seo-wordpress\/ -->\n<title>La &quot;IN14BLUE N\u00b0 01&quot; - NixieFab cr\u00e9ateur d&#039;horloges Nixie de luxe Fran\u00e7aise<\/title>\n<meta name=\"robots\" content=\"index, follow, max-snippet:-1, max-image-preview:large, max-video-preview:-1\" \/>\n<link rel=\"canonical\" href=\"https:\/\/nixiefab-france.fr\/en\/shop\/la-in14marble-n-01modele-tubes-in14-resine-noir\/\" \/>\n<meta property=\"og:locale\" content=\"en_US\" \/>\n<meta property=\"og:type\" content=\"article\" \/>\n<meta property=\"og:title\" content=\"La &quot;IN14BLUE N\u00b0 01&quot; - NixieFab cr\u00e9ateur d&#039;horloges Nixie de luxe Fran\u00e7aise\" \/>\n<meta property=\"og:description\" content=\"Superbe horloge Nixie, unique, en Noyer \u00e2g\u00e9 de plus de 20 ans et r\u00e9sine bleu fa\u00e7on table rivi\u00e8re, mod\u00e8le tubes IN14S\u00e9rie limite \u00e0 30 exemplaires dans le monde, elle porte le N\u00b0 1\" \/>\n<meta property=\"og:url\" content=\"https:\/\/nixiefab-france.fr\/en\/shop\/la-in14marble-n-01modele-tubes-in14-resine-noir\/\" \/>\n<meta property=\"og:site_name\" content=\"NixieFab cr\u00e9ateur d&#039;horloges Nixie de luxe Fran\u00e7aise\" \/>\n<meta property=\"article:publisher\" content=\"https:\/\/www.facebook.com\/nixiefab.france\/about\" \/>\n<meta property=\"article:modified_time\" content=\"2025-09-22T08:03:55+00:00\" \/>\n<meta property=\"og:image\" content=\"https:\/\/nixiefab-france.fr\/wp-content\/uploads\/2024\/05\/NIXIEFAB-PM3-7.jpg\" \/>\n\t<meta property=\"og:image:width\" content=\"1080\" \/>\n\t<meta property=\"og:image:height\" content=\"719\" \/>\n\t<meta property=\"og:image:type\" content=\"image\/jpeg\" \/>\n<meta name=\"twitter:card\" content=\"summary_large_image\" \/>\n<meta name=\"twitter:site\" content=\"@NixieFab\" \/>\n<meta name=\"twitter:label1\" content=\"Est. reading time\" \/>\n\t<meta name=\"twitter:data1\" content=\"1 minute\" \/>\n<script type=\"application\/ld+json\" class=\"yoast-schema-graph\">{\"@context\":\"https:\\\/\\\/schema.org\",\"@graph\":[{\"@type\":\"WebPage\",\"@id\":\"https:\\\/\\\/nixiefab-france.fr\\\/shop\\\/la-in14marble-n-01modele-tubes-in14-resine-noir\\\/\",\"url\":\"https:\\\/\\\/nixiefab-france.fr\\\/shop\\\/la-in14marble-n-01modele-tubes-in14-resine-noir\\\/\",\"name\":\"La \\\"IN14BLUE N\u00b0 01\\\" - NixieFab cr\u00e9ateur d&#039;horloges Nixie de luxe Fran\u00e7aise\",\"isPartOf\":{\"@id\":\"https:\\\/\\\/nixiefab-france.fr\\\/#website\"},\"primaryImageOfPage\":{\"@id\":\"https:\\\/\\\/nixiefab-france.fr\\\/shop\\\/la-in14marble-n-01modele-tubes-in14-resine-noir\\\/#primaryimage\"},\"image\":{\"@id\":\"https:\\\/\\\/nixiefab-france.fr\\\/shop\\\/la-in14marble-n-01modele-tubes-in14-resine-noir\\\/#primaryimage\"},\"thumbnailUrl\":\"https:\\\/\\\/nixiefab-france.fr\\\/wp-content\\\/uploads\\\/2024\\\/05\\\/NIXIEFAB-PM3-7.jpg\",\"datePublished\":\"2024-05-10T16:35:55+00:00\",\"dateModified\":\"2025-09-22T08:03:55+00:00\",\"breadcrumb\":{\"@id\":\"https:\\\/\\\/nixiefab-france.fr\\\/shop\\\/la-in14marble-n-01modele-tubes-in14-resine-noir\\\/#breadcrumb\"},\"inLanguage\":\"en-US\",\"potentialAction\":[{\"@type\":\"ReadAction\",\"target\":[\"https:\\\/\\\/nixiefab-france.fr\\\/shop\\\/la-in14marble-n-01modele-tubes-in14-resine-noir\\\/\"]}]},{\"@type\":\"ImageObject\",\"inLanguage\":\"en-US\",\"@id\":\"https:\\\/\\\/nixiefab-france.fr\\\/shop\\\/la-in14marble-n-01modele-tubes-in14-resine-noir\\\/#primaryimage\",\"url\":\"https:\\\/\\\/nixiefab-france.fr\\\/wp-content\\\/uploads\\\/2024\\\/05\\\/NIXIEFAB-PM3-7.jpg\",\"contentUrl\":\"https:\\\/\\\/nixiefab-france.fr\\\/wp-content\\\/uploads\\\/2024\\\/05\\\/NIXIEFAB-PM3-7.jpg\",\"width\":1080,\"height\":719,\"caption\":\"Horloge Nixie, Nixieclock, nixie, nixiefab\"},{\"@type\":\"BreadcrumbList\",\"@id\":\"https:\\\/\\\/nixiefab-france.fr\\\/shop\\\/la-in14marble-n-01modele-tubes-in14-resine-noir\\\/#breadcrumb\",\"itemListElement\":[{\"@type\":\"ListItem\",\"position\":1,\"name\":\"Accueil\",\"item\":\"https:\\\/\\\/nixiefab-france.fr\\\/\"},{\"@type\":\"ListItem\",\"position\":2,\"name\":\"SHOP\",\"item\":\"https:\\\/\\\/nixiefab-france.fr\\\/shop\\\/\"},{\"@type\":\"ListItem\",\"position\":3,\"name\":\"La \u00ab\u00a0IN14BLUE N\u00b0 01\u00a0\u00bb\"}]},{\"@type\":\"WebSite\",\"@id\":\"https:\\\/\\\/nixiefab-france.fr\\\/#website\",\"url\":\"https:\\\/\\\/nixiefab-france.fr\\\/\",\"name\":\"NixieFab cr\u00e9ateur d'horloges Nixie de luxe Fran\u00e7aise\",\"description\":\"Cr\u00e9ateur d&#039;horloges Nixie haut de gamme en France\",\"publisher\":{\"@id\":\"https:\\\/\\\/nixiefab-france.fr\\\/#organization\"},\"potentialAction\":[{\"@type\":\"SearchAction\",\"target\":{\"@type\":\"EntryPoint\",\"urlTemplate\":\"https:\\\/\\\/nixiefab-france.fr\\\/?s={search_term_string}\"},\"query-input\":{\"@type\":\"PropertyValueSpecification\",\"valueRequired\":true,\"valueName\":\"search_term_string\"}}],\"inLanguage\":\"en-US\"},{\"@type\":\"Organization\",\"@id\":\"https:\\\/\\\/nixiefab-france.fr\\\/#organization\",\"name\":\"NixieFab France\",\"url\":\"https:\\\/\\\/nixiefab-france.fr\\\/\",\"logo\":{\"@type\":\"ImageObject\",\"inLanguage\":\"en-US\",\"@id\":\"https:\\\/\\\/nixiefab-france.fr\\\/#\\\/schema\\\/logo\\\/image\\\/\",\"url\":\"https:\\\/\\\/nixiefab-france.fr\\\/wp-content\\\/uploads\\\/2024\\\/04\\\/miniature-or-sur-noir.webp\",\"contentUrl\":\"https:\\\/\\\/nixiefab-france.fr\\\/wp-content\\\/uploads\\\/2024\\\/04\\\/miniature-or-sur-noir.webp\",\"width\":342,\"height\":256,\"caption\":\"NixieFab France\"},\"image\":{\"@id\":\"https:\\\/\\\/nixiefab-france.fr\\\/#\\\/schema\\\/logo\\\/image\\\/\"},\"sameAs\":[\"https:\\\/\\\/www.facebook.com\\\/nixiefab.france\\\/about\",\"https:\\\/\\\/x.com\\\/NixieFab\",\"https:\\\/\\\/www.instagram.com\\\/nixiefab.france\",\"https:\\\/\\\/www.linkedin.com\\\/in\\\/fabrice-champenois-267a10a9\\\/\"]}]}<\/script>\n<!-- \/ Yoast SEO plugin. -->","yoast_head_json":{"title":"La \"IN14BLUE N\u00b0 01\" - NixieFab cr\u00e9ateur d&#039;horloges Nixie de luxe Fran\u00e7aise","robots":{"index":"index","follow":"follow","max-snippet":"max-snippet:-1","max-image-preview":"max-image-preview:large","max-video-preview":"max-video-preview:-1"},"canonical":"https:\/\/nixiefab-france.fr\/en\/shop\/la-in14marble-n-01modele-tubes-in14-resine-noir\/","og_locale":"en_US","og_type":"article","og_title":"La \"IN14BLUE N\u00b0 01\" - NixieFab cr\u00e9ateur d&#039;horloges Nixie de luxe Fran\u00e7aise","og_description":"Superbe horloge Nixie, unique, en Noyer \u00e2g\u00e9 de plus de 20 ans et r\u00e9sine bleu fa\u00e7on table rivi\u00e8re, mod\u00e8le tubes IN14S\u00e9rie limite \u00e0 30 exemplaires dans le monde, elle porte le N\u00b0 1","og_url":"https:\/\/nixiefab-france.fr\/en\/shop\/la-in14marble-n-01modele-tubes-in14-resine-noir\/","og_site_name":"NixieFab cr\u00e9ateur d&#039;horloges Nixie de luxe Fran\u00e7aise","article_publisher":"https:\/\/www.facebook.com\/nixiefab.france\/about","article_modified_time":"2025-09-22T08:03:55+00:00","og_image":[{"width":1080,"height":719,"url":"https:\/\/nixiefab-france.fr\/wp-content\/uploads\/2024\/05\/NIXIEFAB-PM3-7.jpg","type":"image\/jpeg"}],"twitter_card":"summary_large_image","twitter_site":"@NixieFab","twitter_misc":{"Est. reading time":"1 minute"},"schema":{"@context":"https:\/\/schema.org","@graph":[{"@type":"WebPage","@id":"https:\/\/nixiefab-france.fr\/shop\/la-in14marble-n-01modele-tubes-in14-resine-noir\/","url":"https:\/\/nixiefab-france.fr\/shop\/la-in14marble-n-01modele-tubes-in14-resine-noir\/","name":"La \"IN14BLUE N\u00b0 01\" - NixieFab cr\u00e9ateur d&#039;horloges Nixie de luxe Fran\u00e7aise","isPartOf":{"@id":"https:\/\/nixiefab-france.fr\/#website"},"primaryImageOfPage":{"@id":"https:\/\/nixiefab-france.fr\/shop\/la-in14marble-n-01modele-tubes-in14-resine-noir\/#primaryimage"},"image":{"@id":"https:\/\/nixiefab-france.fr\/shop\/la-in14marble-n-01modele-tubes-in14-resine-noir\/#primaryimage"},"thumbnailUrl":"https:\/\/nixiefab-france.fr\/wp-content\/uploads\/2024\/05\/NIXIEFAB-PM3-7.jpg","datePublished":"2024-05-10T16:35:55+00:00","dateModified":"2025-09-22T08:03:55+00:00","breadcrumb":{"@id":"https:\/\/nixiefab-france.fr\/shop\/la-in14marble-n-01modele-tubes-in14-resine-noir\/#breadcrumb"},"inLanguage":"en-US","potentialAction":[{"@type":"ReadAction","target":["https:\/\/nixiefab-france.fr\/shop\/la-in14marble-n-01modele-tubes-in14-resine-noir\/"]}]},{"@type":"ImageObject","inLanguage":"en-US","@id":"https:\/\/nixiefab-france.fr\/shop\/la-in14marble-n-01modele-tubes-in14-resine-noir\/#primaryimage","url":"https:\/\/nixiefab-france.fr\/wp-content\/uploads\/2024\/05\/NIXIEFAB-PM3-7.jpg","contentUrl":"https:\/\/nixiefab-france.fr\/wp-content\/uploads\/2024\/05\/NIXIEFAB-PM3-7.jpg","width":1080,"height":719,"caption":"Horloge Nixie, Nixieclock, nixie, nixiefab"},{"@type":"BreadcrumbList","@id":"https:\/\/nixiefab-france.fr\/shop\/la-in14marble-n-01modele-tubes-in14-resine-noir\/#breadcrumb","itemListElement":[{"@type":"ListItem","position":1,"name":"Accueil","item":"https:\/\/nixiefab-france.fr\/"},{"@type":"ListItem","position":2,"name":"SHOP","item":"https:\/\/nixiefab-france.fr\/shop\/"},{"@type":"ListItem","position":3,"name":"La \u00ab\u00a0IN14BLUE N\u00b0 01\u00a0\u00bb"}]},{"@type":"WebSite","@id":"https:\/\/nixiefab-france.fr\/#website","url":"https:\/\/nixiefab-france.fr\/","name":"NixieFab cr\u00e9ateur d'horloges Nixie de luxe Fran\u00e7aise","description":"Cr\u00e9ateur d&#039;horloges Nixie haut de gamme en France","publisher":{"@id":"https:\/\/nixiefab-france.fr\/#organization"},"potentialAction":[{"@type":"SearchAction","target":{"@type":"EntryPoint","urlTemplate":"https:\/\/nixiefab-france.fr\/?s={search_term_string}"},"query-input":{"@type":"PropertyValueSpecification","valueRequired":true,"valueName":"search_term_string"}}],"inLanguage":"en-US"},{"@type":"Organization","@id":"https:\/\/nixiefab-france.fr\/#organization","name":"NixieFab France","url":"https:\/\/nixiefab-france.fr\/","logo":{"@type":"ImageObject","inLanguage":"en-US","@id":"https:\/\/nixiefab-france.fr\/#\/schema\/logo\/image\/","url":"https:\/\/nixiefab-france.fr\/wp-content\/uploads\/2024\/04\/miniature-or-sur-noir.webp","contentUrl":"https:\/\/nixiefab-france.fr\/wp-content\/uploads\/2024\/04\/miniature-or-sur-noir.webp","width":342,"height":256,"caption":"NixieFab France"},"image":{"@id":"https:\/\/nixiefab-france.fr\/#\/schema\/logo\/image\/"},"sameAs":["https:\/\/www.facebook.com\/nixiefab.france\/about","https:\/\/x.com\/NixieFab","https:\/\/www.instagram.com\/nixiefab.france","https:\/\/www.linkedin.com\/in\/fabrice-champenois-267a10a9\/"]}]}},"_links":{"self":[{"href":"https:\/\/nixiefab-france.fr\/en\/wp-json\/wp\/v2\/product\/644","targetHints":{"allow":["GET"]}}],"collection":[{"href":"https:\/\/nixiefab-france.fr\/en\/wp-json\/wp\/v2\/product"}],"about":[{"href":"https:\/\/nixiefab-france.fr\/en\/wp-json\/wp\/v2\/types\/product"}],"replies":[{"embeddable":true,"href":"https:\/\/nixiefab-france.fr\/en\/wp-json\/wp\/v2\/comments?post=644"}],"version-history":[{"count":5,"href":"https:\/\/nixiefab-france.fr\/en\/wp-json\/wp\/v2\/product\/644\/revisions"}],"predecessor-version":[{"id":813,"href":"https:\/\/nixiefab-france.fr\/en\/wp-json\/wp\/v2\/product\/644\/revisions\/813"}],"wp:featuredmedia":[{"embeddable":true,"href":"https:\/\/nixiefab-france.fr\/en\/wp-json\/wp\/v2\/media\/643"}],"wp:attachment":[{"href":"https:\/\/nixiefab-france.fr\/en\/wp-json\/wp\/v2\/media?parent=644"}],"wp:term":[{"taxonomy":"product_brand","embeddable":true,"href":"https:\/\/nixiefab-france.fr\/en\/wp-json\/wp\/v2\/product_brand?post=644"},{"taxonomy":"product_cat","embeddable":true,"href":"https:\/\/nixiefab-france.fr\/en\/wp-json\/wp\/v2\/product_cat?post=644"},{"taxonomy":"product_tag","embeddable":true,"href":"https:\/\/nixiefab-france.fr\/en\/wp-json\/wp\/v2\/product_tag?post=644"}],"curies":[{"name":"wp","href":"https:\/\/api.w.org\/{rel}","templated":true}]}}