{"id":1861,"date":"2025-09-22T16:37:50","date_gmt":"2025-09-22T14:37:50","guid":{"rendered":"https:\/\/nixiefab-france.fr\/?post_type=product&#038;p=1861"},"modified":"2025-09-22T16:42:32","modified_gmt":"2025-09-22T14:42:32","slug":"la-loupe-de-peuplier-zin70","status":"publish","type":"product","link":"https:\/\/nixiefab-france.fr\/en\/shop\/la-loupe-de-peuplier-zin70\/","title":{"rendered":"the poplar magnifying glass ZIN70"},"content":{"rendered":"<div data-elementor-type=\"product-post\" data-elementor-id=\"1861\" class=\"elementor elementor-1861\" data-elementor-post-type=\"product\">\n\t\t\t\t<div class=\"elementor-element elementor-element-6daabdff e-flex e-con-boxed wpr-particle-no wpr-jarallax-no wpr-parallax-no wpr-sticky-section-no wpr-equal-height-no e-con e-parent\" data-id=\"6daabdff\" data-element_type=\"container\" data-e-type=\"container\">\n\t\t\t\t\t<div class=\"e-con-inner\">\n\t\t\t\t<div class=\"elementor-element elementor-element-2a832966 elementor-widget elementor-widget-text-editor\" data-id=\"2a832966\" data-element_type=\"widget\" data-e-type=\"widget\" data-widget_type=\"text-editor.default\">\n\t\t\t\t<div class=\"elementor-widget-container\">\n\t\t\t\t\t\t\t\t\tNixie clock made from rare solid wood, stabilized poplar burl with black epoxy resin. This Nixie clock is a unique piece where the beauty of the wood grain gives it a warm and authentic charm.\n\nFeaturing tubes made by a Ukrainian craftsman who revived production from the 1970s using traditional expertise enhanced by modern technology, this clock embodies excellence. Controlled by precise electronics, it offers Wi-Fi connectivity, full configuration via a smartphone app, and automatically synchronizes to the exact time via Wi-Fi. These tubes have an exceptional lifespan of approximately 20 years.\t\t\t\t\t\t\t\t<\/div>\n\t\t\t\t<\/div>\n\t\t\t\t\t<\/div>\n\t\t\t\t<\/div>\n\t\t<div class=\"elementor-element elementor-element-c77012a e-con-full e-flex wpr-particle-no wpr-jarallax-no wpr-parallax-no wpr-sticky-section-no wpr-equal-height-no e-con e-parent\" data-id=\"c77012a\" data-element_type=\"container\" data-e-type=\"container\">\n\t\t\t\t<div class=\"elementor-element elementor-element-9e09eef elementor-align-center elementor-widget elementor-widget-button\" data-id=\"9e09eef\" data-element_type=\"widget\" data-e-type=\"widget\" data-widget_type=\"button.default\">\n\t\t\t\t<div class=\"elementor-widget-container\">\n\t\t\t\t\t\t\t\t\t<div class=\"elementor-button-wrapper\">\n\t\t\t\t\t<a class=\"elementor-button elementor-button-link elementor-size-sm\" href=\"https:\/\/nixiefab-france.fr\/en\/personalisation\/\">\n\t\t\t\t\t\t<span class=\"elementor-button-content-wrapper\">\n\t\t\t\t\t\t\t\t\t<span class=\"elementor-button-text\">Request a quote<\/span>\n\t\t\t\t\t<\/span>\n\t\t\t\t\t<\/a>\n\t\t\t\t<\/div>\n\t\t\t\t\t\t\t\t<\/div>\n\t\t\t\t<\/div>\n\t\t\t\t<\/div>\n\t\t\t\t<\/div>","protected":false},"excerpt":{"rendered":"<p>Horloge Nixie construite en bois massif rare, en loupe de peuplier stabilis\u00e9e \u00e0 la r\u00e9sine \u00e9poxy noire. Cette horloge Nixie est une pi\u00e8ce unique o\u00f9 la beaut\u00e9 des veines du bois conf\u00e8re un charme chaleureux et authentique. Dot\u00e9e de tubes fabriqu\u00e9s par un artisan ukrainien ayant relanc\u00e9 la production des ann\u00e9es 70 avec un savoir-faire traditionnel am\u00e9lior\u00e9 par la technologie moderne, cette horloge incarne l\u2019excellence. Contr\u00f4l\u00e9e par une \u00e9lectronique pr\u00e9cise, elle offre une connectivit\u00e9 Wi-Fi, une configuration compl\u00e8te via une application smartphone, et se synchronise automatiquement \u00e0 l\u2019heure exacte gr\u00e2ce au Wi-Fi. Ces tubes jouissent d\u2019une long\u00e9vit\u00e9 exceptionnelle d\u2019environ 20 ans. Demander un devis<\/p>","protected":false},"featured_media":1809,"comment_status":"open","ping_status":"closed","template":"","meta":[],"product_brand":[],"product_cat":[22],"product_tag":[],"class_list":{"0":"post-1861","1":"product","2":"type-product","3":"status-publish","4":"has-post-thumbnail","6":"product_cat-non-classe","8":"first","9":"instock","10":"taxable","11":"shipping-taxable","12":"product-type-simple"},"yoast_head":"<!-- This site is optimized with the Yoast SEO plugin v27.3 - https:\/\/yoast.com\/product\/yoast-seo-wordpress\/ -->\n<title>la loupe de peuplier ZIN70 - NixieFab cr\u00e9ateur d&#039;horloges Nixie de luxe Fran\u00e7aise<\/title>\n<meta name=\"description\" content=\"Appr\u00e9ciez la beaut\u00e9 des veines du bois dans notre horloge Nixie. Un pi\u00e8ce unique qui rehaussera chaque pi\u00e8ce de votre maison. Obtenez-la aujourd&#039;hui !\" \/>\n<meta name=\"robots\" content=\"index, follow, max-snippet:-1, max-image-preview:large, max-video-preview:-1\" \/>\n<link rel=\"canonical\" href=\"https:\/\/nixiefab-france.fr\/en\/shop\/la-loupe-de-peuplier-zin70\/\" \/>\n<meta property=\"og:locale\" content=\"en_US\" \/>\n<meta property=\"og:type\" content=\"article\" \/>\n<meta property=\"og:title\" content=\"la loupe de peuplier ZIN70 - NixieFab cr\u00e9ateur d&#039;horloges Nixie de luxe Fran\u00e7aise\" \/>\n<meta property=\"og:description\" content=\"Appr\u00e9ciez la beaut\u00e9 des veines du bois dans notre horloge Nixie. Un pi\u00e8ce unique qui rehaussera chaque pi\u00e8ce de votre maison. Obtenez-la aujourd&#039;hui !\" \/>\n<meta property=\"og:url\" content=\"https:\/\/nixiefab-france.fr\/en\/shop\/la-loupe-de-peuplier-zin70\/\" \/>\n<meta property=\"og:site_name\" content=\"NixieFab cr\u00e9ateur d&#039;horloges Nixie de luxe Fran\u00e7aise\" \/>\n<meta property=\"article:publisher\" content=\"https:\/\/www.facebook.com\/nixiefab.france\/about\" \/>\n<meta property=\"article:modified_time\" content=\"2025-09-22T14:42:32+00:00\" \/>\n<meta property=\"og:image\" content=\"https:\/\/nixiefab-france.fr\/wp-content\/uploads\/2025\/09\/NIXIE-FAB-HORLOGE-Modele-2-2.jpg\" \/>\n\t<meta property=\"og:image:width\" content=\"2160\" \/>\n\t<meta property=\"og:image:height\" content=\"1437\" \/>\n\t<meta property=\"og:image:type\" content=\"image\/jpeg\" \/>\n<meta name=\"twitter:card\" content=\"summary_large_image\" \/>\n<meta name=\"twitter:site\" content=\"@NixieFab\" \/>\n<script type=\"application\/ld+json\" class=\"yoast-schema-graph\">{\"@context\":\"https:\\\/\\\/schema.org\",\"@graph\":[{\"@type\":\"WebPage\",\"@id\":\"https:\\\/\\\/nixiefab-france.fr\\\/shop\\\/la-loupe-de-peuplier-zin70\\\/\",\"url\":\"https:\\\/\\\/nixiefab-france.fr\\\/shop\\\/la-loupe-de-peuplier-zin70\\\/\",\"name\":\"la loupe de peuplier ZIN70 - NixieFab cr\u00e9ateur d&#039;horloges Nixie de luxe Fran\u00e7aise\",\"isPartOf\":{\"@id\":\"https:\\\/\\\/nixiefab-france.fr\\\/#website\"},\"primaryImageOfPage\":{\"@id\":\"https:\\\/\\\/nixiefab-france.fr\\\/shop\\\/la-loupe-de-peuplier-zin70\\\/#primaryimage\"},\"image\":{\"@id\":\"https:\\\/\\\/nixiefab-france.fr\\\/shop\\\/la-loupe-de-peuplier-zin70\\\/#primaryimage\"},\"thumbnailUrl\":\"https:\\\/\\\/nixiefab-france.fr\\\/wp-content\\\/uploads\\\/2025\\\/09\\\/NIXIE-FAB-HORLOGE-Modele-2-2.jpg\",\"datePublished\":\"2025-09-22T14:37:50+00:00\",\"dateModified\":\"2025-09-22T14:42:32+00:00\",\"description\":\"Appr\u00e9ciez la beaut\u00e9 des veines du bois dans notre horloge Nixie. Un pi\u00e8ce unique qui rehaussera chaque pi\u00e8ce de votre maison. Obtenez-la aujourd'hui !\",\"breadcrumb\":{\"@id\":\"https:\\\/\\\/nixiefab-france.fr\\\/shop\\\/la-loupe-de-peuplier-zin70\\\/#breadcrumb\"},\"inLanguage\":\"en-US\",\"potentialAction\":[{\"@type\":\"ReadAction\",\"target\":[\"https:\\\/\\\/nixiefab-france.fr\\\/shop\\\/la-loupe-de-peuplier-zin70\\\/\"]}]},{\"@type\":\"ImageObject\",\"inLanguage\":\"en-US\",\"@id\":\"https:\\\/\\\/nixiefab-france.fr\\\/shop\\\/la-loupe-de-peuplier-zin70\\\/#primaryimage\",\"url\":\"https:\\\/\\\/nixiefab-france.fr\\\/wp-content\\\/uploads\\\/2025\\\/09\\\/NIXIE-FAB-HORLOGE-Modele-2-2.jpg\",\"contentUrl\":\"https:\\\/\\\/nixiefab-france.fr\\\/wp-content\\\/uploads\\\/2025\\\/09\\\/NIXIE-FAB-HORLOGE-Modele-2-2.jpg\",\"width\":2160,\"height\":1437},{\"@type\":\"BreadcrumbList\",\"@id\":\"https:\\\/\\\/nixiefab-france.fr\\\/shop\\\/la-loupe-de-peuplier-zin70\\\/#breadcrumb\",\"itemListElement\":[{\"@type\":\"ListItem\",\"position\":1,\"name\":\"Accueil\",\"item\":\"https:\\\/\\\/nixiefab-france.fr\\\/\"},{\"@type\":\"ListItem\",\"position\":2,\"name\":\"SHOP\",\"item\":\"https:\\\/\\\/nixiefab-france.fr\\\/shop\\\/\"},{\"@type\":\"ListItem\",\"position\":3,\"name\":\"la loupe de peuplier ZIN70\"}]},{\"@type\":\"WebSite\",\"@id\":\"https:\\\/\\\/nixiefab-france.fr\\\/#website\",\"url\":\"https:\\\/\\\/nixiefab-france.fr\\\/\",\"name\":\"NixieFab cr\u00e9ateur d'horloges Nixie de luxe Fran\u00e7aise\",\"description\":\"Cr\u00e9ateur d&#039;horloges Nixie haut de gamme en France\",\"publisher\":{\"@id\":\"https:\\\/\\\/nixiefab-france.fr\\\/#organization\"},\"potentialAction\":[{\"@type\":\"SearchAction\",\"target\":{\"@type\":\"EntryPoint\",\"urlTemplate\":\"https:\\\/\\\/nixiefab-france.fr\\\/?s={search_term_string}\"},\"query-input\":{\"@type\":\"PropertyValueSpecification\",\"valueRequired\":true,\"valueName\":\"search_term_string\"}}],\"inLanguage\":\"en-US\"},{\"@type\":\"Organization\",\"@id\":\"https:\\\/\\\/nixiefab-france.fr\\\/#organization\",\"name\":\"NixieFab France\",\"url\":\"https:\\\/\\\/nixiefab-france.fr\\\/\",\"logo\":{\"@type\":\"ImageObject\",\"inLanguage\":\"en-US\",\"@id\":\"https:\\\/\\\/nixiefab-france.fr\\\/#\\\/schema\\\/logo\\\/image\\\/\",\"url\":\"https:\\\/\\\/nixiefab-france.fr\\\/wp-content\\\/uploads\\\/2024\\\/04\\\/miniature-or-sur-noir.webp\",\"contentUrl\":\"https:\\\/\\\/nixiefab-france.fr\\\/wp-content\\\/uploads\\\/2024\\\/04\\\/miniature-or-sur-noir.webp\",\"width\":342,\"height\":256,\"caption\":\"NixieFab France\"},\"image\":{\"@id\":\"https:\\\/\\\/nixiefab-france.fr\\\/#\\\/schema\\\/logo\\\/image\\\/\"},\"sameAs\":[\"https:\\\/\\\/www.facebook.com\\\/nixiefab.france\\\/about\",\"https:\\\/\\\/x.com\\\/NixieFab\",\"https:\\\/\\\/www.instagram.com\\\/nixiefab.france\",\"https:\\\/\\\/www.linkedin.com\\\/in\\\/fabrice-champenois-267a10a9\\\/\"]}]}<\/script>\n<!-- \/ Yoast SEO plugin. -->","yoast_head_json":{"title":"la loupe de peuplier ZIN70 - NixieFab cr\u00e9ateur d&#039;horloges Nixie de luxe Fran\u00e7aise","description":"Appr\u00e9ciez la beaut\u00e9 des veines du bois dans notre horloge Nixie. Un pi\u00e8ce unique qui rehaussera chaque pi\u00e8ce de votre maison. Obtenez-la aujourd'hui !","robots":{"index":"index","follow":"follow","max-snippet":"max-snippet:-1","max-image-preview":"max-image-preview:large","max-video-preview":"max-video-preview:-1"},"canonical":"https:\/\/nixiefab-france.fr\/en\/shop\/la-loupe-de-peuplier-zin70\/","og_locale":"en_US","og_type":"article","og_title":"la loupe de peuplier ZIN70 - NixieFab cr\u00e9ateur d&#039;horloges Nixie de luxe Fran\u00e7aise","og_description":"Appr\u00e9ciez la beaut\u00e9 des veines du bois dans notre horloge Nixie. Un pi\u00e8ce unique qui rehaussera chaque pi\u00e8ce de votre maison. Obtenez-la aujourd'hui !","og_url":"https:\/\/nixiefab-france.fr\/en\/shop\/la-loupe-de-peuplier-zin70\/","og_site_name":"NixieFab cr\u00e9ateur d&#039;horloges Nixie de luxe Fran\u00e7aise","article_publisher":"https:\/\/www.facebook.com\/nixiefab.france\/about","article_modified_time":"2025-09-22T14:42:32+00:00","og_image":[{"width":2160,"height":1437,"url":"https:\/\/nixiefab-france.fr\/wp-content\/uploads\/2025\/09\/NIXIE-FAB-HORLOGE-Modele-2-2.jpg","type":"image\/jpeg"}],"twitter_card":"summary_large_image","twitter_site":"@NixieFab","schema":{"@context":"https:\/\/schema.org","@graph":[{"@type":"WebPage","@id":"https:\/\/nixiefab-france.fr\/shop\/la-loupe-de-peuplier-zin70\/","url":"https:\/\/nixiefab-france.fr\/shop\/la-loupe-de-peuplier-zin70\/","name":"la loupe de peuplier ZIN70 - NixieFab cr\u00e9ateur d&#039;horloges Nixie de luxe Fran\u00e7aise","isPartOf":{"@id":"https:\/\/nixiefab-france.fr\/#website"},"primaryImageOfPage":{"@id":"https:\/\/nixiefab-france.fr\/shop\/la-loupe-de-peuplier-zin70\/#primaryimage"},"image":{"@id":"https:\/\/nixiefab-france.fr\/shop\/la-loupe-de-peuplier-zin70\/#primaryimage"},"thumbnailUrl":"https:\/\/nixiefab-france.fr\/wp-content\/uploads\/2025\/09\/NIXIE-FAB-HORLOGE-Modele-2-2.jpg","datePublished":"2025-09-22T14:37:50+00:00","dateModified":"2025-09-22T14:42:32+00:00","description":"Appr\u00e9ciez la beaut\u00e9 des veines du bois dans notre horloge Nixie. Un pi\u00e8ce unique qui rehaussera chaque pi\u00e8ce de votre maison. Obtenez-la aujourd'hui !","breadcrumb":{"@id":"https:\/\/nixiefab-france.fr\/shop\/la-loupe-de-peuplier-zin70\/#breadcrumb"},"inLanguage":"en-US","potentialAction":[{"@type":"ReadAction","target":["https:\/\/nixiefab-france.fr\/shop\/la-loupe-de-peuplier-zin70\/"]}]},{"@type":"ImageObject","inLanguage":"en-US","@id":"https:\/\/nixiefab-france.fr\/shop\/la-loupe-de-peuplier-zin70\/#primaryimage","url":"https:\/\/nixiefab-france.fr\/wp-content\/uploads\/2025\/09\/NIXIE-FAB-HORLOGE-Modele-2-2.jpg","contentUrl":"https:\/\/nixiefab-france.fr\/wp-content\/uploads\/2025\/09\/NIXIE-FAB-HORLOGE-Modele-2-2.jpg","width":2160,"height":1437},{"@type":"BreadcrumbList","@id":"https:\/\/nixiefab-france.fr\/shop\/la-loupe-de-peuplier-zin70\/#breadcrumb","itemListElement":[{"@type":"ListItem","position":1,"name":"Accueil","item":"https:\/\/nixiefab-france.fr\/"},{"@type":"ListItem","position":2,"name":"SHOP","item":"https:\/\/nixiefab-france.fr\/shop\/"},{"@type":"ListItem","position":3,"name":"la loupe de peuplier ZIN70"}]},{"@type":"WebSite","@id":"https:\/\/nixiefab-france.fr\/#website","url":"https:\/\/nixiefab-france.fr\/","name":"NixieFab cr\u00e9ateur d'horloges Nixie de luxe Fran\u00e7aise","description":"Cr\u00e9ateur d&#039;horloges Nixie haut de gamme en France","publisher":{"@id":"https:\/\/nixiefab-france.fr\/#organization"},"potentialAction":[{"@type":"SearchAction","target":{"@type":"EntryPoint","urlTemplate":"https:\/\/nixiefab-france.fr\/?s={search_term_string}"},"query-input":{"@type":"PropertyValueSpecification","valueRequired":true,"valueName":"search_term_string"}}],"inLanguage":"en-US"},{"@type":"Organization","@id":"https:\/\/nixiefab-france.fr\/#organization","name":"NixieFab France","url":"https:\/\/nixiefab-france.fr\/","logo":{"@type":"ImageObject","inLanguage":"en-US","@id":"https:\/\/nixiefab-france.fr\/#\/schema\/logo\/image\/","url":"https:\/\/nixiefab-france.fr\/wp-content\/uploads\/2024\/04\/miniature-or-sur-noir.webp","contentUrl":"https:\/\/nixiefab-france.fr\/wp-content\/uploads\/2024\/04\/miniature-or-sur-noir.webp","width":342,"height":256,"caption":"NixieFab France"},"image":{"@id":"https:\/\/nixiefab-france.fr\/#\/schema\/logo\/image\/"},"sameAs":["https:\/\/www.facebook.com\/nixiefab.france\/about","https:\/\/x.com\/NixieFab","https:\/\/www.instagram.com\/nixiefab.france","https:\/\/www.linkedin.com\/in\/fabrice-champenois-267a10a9\/"]}]}},"_links":{"self":[{"href":"https:\/\/nixiefab-france.fr\/en\/wp-json\/wp\/v2\/product\/1861","targetHints":{"allow":["GET"]}}],"collection":[{"href":"https:\/\/nixiefab-france.fr\/en\/wp-json\/wp\/v2\/product"}],"about":[{"href":"https:\/\/nixiefab-france.fr\/en\/wp-json\/wp\/v2\/types\/product"}],"replies":[{"embeddable":true,"href":"https:\/\/nixiefab-france.fr\/en\/wp-json\/wp\/v2\/comments?post=1861"}],"version-history":[{"count":5,"href":"https:\/\/nixiefab-france.fr\/en\/wp-json\/wp\/v2\/product\/1861\/revisions"}],"predecessor-version":[{"id":1866,"href":"https:\/\/nixiefab-france.fr\/en\/wp-json\/wp\/v2\/product\/1861\/revisions\/1866"}],"wp:featuredmedia":[{"embeddable":true,"href":"https:\/\/nixiefab-france.fr\/en\/wp-json\/wp\/v2\/media\/1809"}],"wp:attachment":[{"href":"https:\/\/nixiefab-france.fr\/en\/wp-json\/wp\/v2\/media?parent=1861"}],"wp:term":[{"taxonomy":"product_brand","embeddable":true,"href":"https:\/\/nixiefab-france.fr\/en\/wp-json\/wp\/v2\/product_brand?post=1861"},{"taxonomy":"product_cat","embeddable":true,"href":"https:\/\/nixiefab-france.fr\/en\/wp-json\/wp\/v2\/product_cat?post=1861"},{"taxonomy":"product_tag","embeddable":true,"href":"https:\/\/nixiefab-france.fr\/en\/wp-json\/wp\/v2\/product_tag?post=1861"}],"curies":[{"name":"wp","href":"https:\/\/api.w.org\/{rel}","templated":true}]}}