{"id":1852,"date":"2025-09-22T16:06:17","date_gmt":"2025-09-22T14:06:17","guid":{"rendered":"https:\/\/nixiefab-france.fr\/?post_type=product&#038;p=1852"},"modified":"2025-09-22T16:17:20","modified_gmt":"2025-09-22T14:17:20","slug":"la-carbonixie-full-black-carbone-forge","status":"publish","type":"product","link":"https:\/\/nixiefab-france.fr\/en\/shop\/la-carbonixie-full-black-carbone-forge\/","title":{"rendered":"La Carbonixie full black carbone forg\u00e9"},"content":{"rendered":"<div data-elementor-type=\"product-post\" data-elementor-id=\"1852\" class=\"elementor elementor-1852\" data-elementor-post-type=\"product\">\n\t\t\t\t<div class=\"elementor-element elementor-element-643a0572 e-flex e-con-boxed wpr-particle-no wpr-jarallax-no wpr-parallax-no wpr-sticky-section-no wpr-equal-height-no e-con e-parent\" data-id=\"643a0572\" data-element_type=\"container\" data-e-type=\"container\">\n\t\t\t\t\t<div class=\"e-con-inner\">\n\t\t\t\t<div class=\"elementor-element elementor-element-17d60a42 elementor-widget elementor-widget-text-editor\" data-id=\"17d60a42\" data-element_type=\"widget\" data-e-type=\"widget\" data-widget_type=\"text-editor.default\">\n\t\t\t\t<div class=\"elementor-widget-container\">\n\t\t\t\t\t\t\t\t\tExceptional Nixie clock made entirely of black forged carbon, a material highly prized in hypercar construction, giving a deep black finish that reflects the orange glow of the tubes.\n\nFeaturing tubes manufactured by a Ukrainian craftsman who revived production from the 1970s using traditional expertise enhanced by modern technology, this clock embodies excellence. Controlled by precise electronics, it offers Wi-Fi connectivity, full configuration via a smartphone app, and automatically synchronizes to the exact time via Wi-Fi. These tubes have an exceptional lifespan of approximately 20 years.\t\t\t\t\t\t\t\t<\/div>\n\t\t\t\t<\/div>\n\t\t\t\t\t<\/div>\n\t\t\t\t<\/div>\n\t\t<div class=\"elementor-element elementor-element-79b9e53 e-con-full e-flex wpr-particle-no wpr-jarallax-no wpr-parallax-no wpr-sticky-section-no wpr-equal-height-no e-con e-parent\" data-id=\"79b9e53\" data-element_type=\"container\" data-e-type=\"container\">\n\t\t\t\t<div class=\"elementor-element elementor-element-455d991 elementor-align-center elementor-widget elementor-widget-button\" data-id=\"455d991\" data-element_type=\"widget\" data-e-type=\"widget\" data-widget_type=\"button.default\">\n\t\t\t\t<div class=\"elementor-widget-container\">\n\t\t\t\t\t\t\t\t\t<div class=\"elementor-button-wrapper\">\n\t\t\t\t\t<a class=\"elementor-button elementor-button-link elementor-size-sm\" href=\"https:\/\/nixiefab-france.fr\/en\/personalisation\/\">\n\t\t\t\t\t\t<span class=\"elementor-button-content-wrapper\">\n\t\t\t\t\t\t\t\t\t<span class=\"elementor-button-text\">Request a quote<\/span>\n\t\t\t\t\t<\/span>\n\t\t\t\t\t<\/a>\n\t\t\t\t<\/div>\n\t\t\t\t\t\t\t\t<\/div>\n\t\t\t\t<\/div>\n\t\t\t\t<\/div>\n\t\t\t\t<\/div>","protected":false},"excerpt":{"rendered":"<p>Horloge Nixie d&rsquo;exception enti\u00e8rement en carbone forg\u00e9 noir, mati\u00e8re tr\u00e8s pris\u00e9e pour la construction des hypercar, donne un rendu noir profond refl\u00e9tant la lueur orang\u00e9 des tubes Dot\u00e9e de tubes fabriqu\u00e9s par un artisan ukrainien ayant relanc\u00e9 la production des ann\u00e9es 70 avec un savoir-faire traditionnel am\u00e9lior\u00e9 par la technologie moderne, cette horloge incarne l\u2019excellence. Contr\u00f4l\u00e9e par une \u00e9lectronique pr\u00e9cise, elle offre une connectivit\u00e9 Wi-Fi, une configuration compl\u00e8te via une application smartphone, et se synchronise automatiquement \u00e0 l\u2019heure exacte gr\u00e2ce au Wi-Fi. Ces tubes jouissent d\u2019une long\u00e9vit\u00e9 exceptionnelle d\u2019environ 20 ans. Demander un devis<\/p>","protected":false},"featured_media":1818,"comment_status":"open","ping_status":"closed","template":"","meta":[],"product_brand":[],"product_cat":[22],"product_tag":[],"class_list":{"0":"post-1852","1":"product","2":"type-product","3":"status-publish","4":"has-post-thumbnail","6":"product_cat-non-classe","8":"first","9":"instock","10":"taxable","11":"shipping-taxable","12":"product-type-simple"},"yoast_head":"<!-- This site is optimized with the Yoast SEO plugin v27.3 - https:\/\/yoast.com\/product\/yoast-seo-wordpress\/ -->\n<title>La Carbonixie full black carbone forg\u00e9 - NixieFab cr\u00e9ateur d&#039;horloges Nixie de luxe Fran\u00e7aise<\/title>\n<meta name=\"description\" content=\"horloge nixie, nixieclock, nixie clock\" \/>\n<meta name=\"robots\" content=\"index, follow, max-snippet:-1, max-image-preview:large, max-video-preview:-1\" \/>\n<link rel=\"canonical\" href=\"https:\/\/nixiefab-france.fr\/en\/shop\/la-carbonixie-full-black-carbone-forge\/\" \/>\n<meta property=\"og:locale\" content=\"en_US\" \/>\n<meta property=\"og:type\" content=\"article\" \/>\n<meta property=\"og:title\" content=\"La Carbonixie full black carbone forg\u00e9 - NixieFab cr\u00e9ateur d&#039;horloges Nixie de luxe Fran\u00e7aise\" \/>\n<meta property=\"og:description\" content=\"horloge nixie, nixieclock, nixie clock\" \/>\n<meta property=\"og:url\" content=\"https:\/\/nixiefab-france.fr\/en\/shop\/la-carbonixie-full-black-carbone-forge\/\" \/>\n<meta property=\"og:site_name\" content=\"NixieFab cr\u00e9ateur d&#039;horloges Nixie de luxe Fran\u00e7aise\" \/>\n<meta property=\"article:publisher\" content=\"https:\/\/www.facebook.com\/nixiefab.france\/about\" \/>\n<meta property=\"article:modified_time\" content=\"2025-09-22T14:17:20+00:00\" \/>\n<meta property=\"og:image\" content=\"https:\/\/nixiefab-france.fr\/wp-content\/uploads\/2025\/09\/NIXIE-FAB-HORLOGE-Modele-3-6.jpg\" \/>\n\t<meta property=\"og:image:width\" content=\"2160\" \/>\n\t<meta property=\"og:image:height\" content=\"1437\" \/>\n\t<meta property=\"og:image:type\" content=\"image\/jpeg\" \/>\n<meta name=\"twitter:card\" content=\"summary_large_image\" \/>\n<meta name=\"twitter:site\" content=\"@NixieFab\" \/>\n<script type=\"application\/ld+json\" class=\"yoast-schema-graph\">{\"@context\":\"https:\\\/\\\/schema.org\",\"@graph\":[{\"@type\":\"WebPage\",\"@id\":\"https:\\\/\\\/nixiefab-france.fr\\\/shop\\\/la-carbonixie-full-black-carbone-forge\\\/\",\"url\":\"https:\\\/\\\/nixiefab-france.fr\\\/shop\\\/la-carbonixie-full-black-carbone-forge\\\/\",\"name\":\"La Carbonixie full black carbone forg\u00e9 - NixieFab cr\u00e9ateur d&#039;horloges Nixie de luxe Fran\u00e7aise\",\"isPartOf\":{\"@id\":\"https:\\\/\\\/nixiefab-france.fr\\\/#website\"},\"primaryImageOfPage\":{\"@id\":\"https:\\\/\\\/nixiefab-france.fr\\\/shop\\\/la-carbonixie-full-black-carbone-forge\\\/#primaryimage\"},\"image\":{\"@id\":\"https:\\\/\\\/nixiefab-france.fr\\\/shop\\\/la-carbonixie-full-black-carbone-forge\\\/#primaryimage\"},\"thumbnailUrl\":\"https:\\\/\\\/nixiefab-france.fr\\\/wp-content\\\/uploads\\\/2025\\\/09\\\/NIXIE-FAB-HORLOGE-Modele-3-6.jpg\",\"datePublished\":\"2025-09-22T14:06:17+00:00\",\"dateModified\":\"2025-09-22T14:17:20+00:00\",\"description\":\"horloge nixie, nixieclock, nixie clock\",\"breadcrumb\":{\"@id\":\"https:\\\/\\\/nixiefab-france.fr\\\/shop\\\/la-carbonixie-full-black-carbone-forge\\\/#breadcrumb\"},\"inLanguage\":\"en-US\",\"potentialAction\":[{\"@type\":\"ReadAction\",\"target\":[\"https:\\\/\\\/nixiefab-france.fr\\\/shop\\\/la-carbonixie-full-black-carbone-forge\\\/\"]}]},{\"@type\":\"ImageObject\",\"inLanguage\":\"en-US\",\"@id\":\"https:\\\/\\\/nixiefab-france.fr\\\/shop\\\/la-carbonixie-full-black-carbone-forge\\\/#primaryimage\",\"url\":\"https:\\\/\\\/nixiefab-france.fr\\\/wp-content\\\/uploads\\\/2025\\\/09\\\/NIXIE-FAB-HORLOGE-Modele-3-6.jpg\",\"contentUrl\":\"https:\\\/\\\/nixiefab-france.fr\\\/wp-content\\\/uploads\\\/2025\\\/09\\\/NIXIE-FAB-HORLOGE-Modele-3-6.jpg\",\"width\":2160,\"height\":1437},{\"@type\":\"BreadcrumbList\",\"@id\":\"https:\\\/\\\/nixiefab-france.fr\\\/shop\\\/la-carbonixie-full-black-carbone-forge\\\/#breadcrumb\",\"itemListElement\":[{\"@type\":\"ListItem\",\"position\":1,\"name\":\"Accueil\",\"item\":\"https:\\\/\\\/nixiefab-france.fr\\\/\"},{\"@type\":\"ListItem\",\"position\":2,\"name\":\"SHOP\",\"item\":\"https:\\\/\\\/nixiefab-france.fr\\\/shop\\\/\"},{\"@type\":\"ListItem\",\"position\":3,\"name\":\"La Carbonixie full black carbone forg\u00e9\"}]},{\"@type\":\"WebSite\",\"@id\":\"https:\\\/\\\/nixiefab-france.fr\\\/#website\",\"url\":\"https:\\\/\\\/nixiefab-france.fr\\\/\",\"name\":\"NixieFab cr\u00e9ateur d'horloges Nixie de luxe Fran\u00e7aise\",\"description\":\"Cr\u00e9ateur d&#039;horloges Nixie haut de gamme en France\",\"publisher\":{\"@id\":\"https:\\\/\\\/nixiefab-france.fr\\\/#organization\"},\"potentialAction\":[{\"@type\":\"SearchAction\",\"target\":{\"@type\":\"EntryPoint\",\"urlTemplate\":\"https:\\\/\\\/nixiefab-france.fr\\\/?s={search_term_string}\"},\"query-input\":{\"@type\":\"PropertyValueSpecification\",\"valueRequired\":true,\"valueName\":\"search_term_string\"}}],\"inLanguage\":\"en-US\"},{\"@type\":\"Organization\",\"@id\":\"https:\\\/\\\/nixiefab-france.fr\\\/#organization\",\"name\":\"NixieFab France\",\"url\":\"https:\\\/\\\/nixiefab-france.fr\\\/\",\"logo\":{\"@type\":\"ImageObject\",\"inLanguage\":\"en-US\",\"@id\":\"https:\\\/\\\/nixiefab-france.fr\\\/#\\\/schema\\\/logo\\\/image\\\/\",\"url\":\"https:\\\/\\\/nixiefab-france.fr\\\/wp-content\\\/uploads\\\/2024\\\/04\\\/miniature-or-sur-noir.webp\",\"contentUrl\":\"https:\\\/\\\/nixiefab-france.fr\\\/wp-content\\\/uploads\\\/2024\\\/04\\\/miniature-or-sur-noir.webp\",\"width\":342,\"height\":256,\"caption\":\"NixieFab France\"},\"image\":{\"@id\":\"https:\\\/\\\/nixiefab-france.fr\\\/#\\\/schema\\\/logo\\\/image\\\/\"},\"sameAs\":[\"https:\\\/\\\/www.facebook.com\\\/nixiefab.france\\\/about\",\"https:\\\/\\\/x.com\\\/NixieFab\",\"https:\\\/\\\/www.instagram.com\\\/nixiefab.france\",\"https:\\\/\\\/www.linkedin.com\\\/in\\\/fabrice-champenois-267a10a9\\\/\"]}]}<\/script>\n<!-- \/ Yoast SEO plugin. -->","yoast_head_json":{"title":"La Carbonixie full black carbone forg\u00e9 - NixieFab cr\u00e9ateur d&#039;horloges Nixie de luxe Fran\u00e7aise","description":"horloge nixie, nixieclock, nixie clock","robots":{"index":"index","follow":"follow","max-snippet":"max-snippet:-1","max-image-preview":"max-image-preview:large","max-video-preview":"max-video-preview:-1"},"canonical":"https:\/\/nixiefab-france.fr\/en\/shop\/la-carbonixie-full-black-carbone-forge\/","og_locale":"en_US","og_type":"article","og_title":"La Carbonixie full black carbone forg\u00e9 - NixieFab cr\u00e9ateur d&#039;horloges Nixie de luxe Fran\u00e7aise","og_description":"horloge nixie, nixieclock, nixie clock","og_url":"https:\/\/nixiefab-france.fr\/en\/shop\/la-carbonixie-full-black-carbone-forge\/","og_site_name":"NixieFab cr\u00e9ateur d&#039;horloges Nixie de luxe Fran\u00e7aise","article_publisher":"https:\/\/www.facebook.com\/nixiefab.france\/about","article_modified_time":"2025-09-22T14:17:20+00:00","og_image":[{"width":2160,"height":1437,"url":"https:\/\/nixiefab-france.fr\/wp-content\/uploads\/2025\/09\/NIXIE-FAB-HORLOGE-Modele-3-6.jpg","type":"image\/jpeg"}],"twitter_card":"summary_large_image","twitter_site":"@NixieFab","schema":{"@context":"https:\/\/schema.org","@graph":[{"@type":"WebPage","@id":"https:\/\/nixiefab-france.fr\/shop\/la-carbonixie-full-black-carbone-forge\/","url":"https:\/\/nixiefab-france.fr\/shop\/la-carbonixie-full-black-carbone-forge\/","name":"La Carbonixie full black carbone forg\u00e9 - NixieFab cr\u00e9ateur d&#039;horloges Nixie de luxe Fran\u00e7aise","isPartOf":{"@id":"https:\/\/nixiefab-france.fr\/#website"},"primaryImageOfPage":{"@id":"https:\/\/nixiefab-france.fr\/shop\/la-carbonixie-full-black-carbone-forge\/#primaryimage"},"image":{"@id":"https:\/\/nixiefab-france.fr\/shop\/la-carbonixie-full-black-carbone-forge\/#primaryimage"},"thumbnailUrl":"https:\/\/nixiefab-france.fr\/wp-content\/uploads\/2025\/09\/NIXIE-FAB-HORLOGE-Modele-3-6.jpg","datePublished":"2025-09-22T14:06:17+00:00","dateModified":"2025-09-22T14:17:20+00:00","description":"horloge nixie, nixieclock, nixie clock","breadcrumb":{"@id":"https:\/\/nixiefab-france.fr\/shop\/la-carbonixie-full-black-carbone-forge\/#breadcrumb"},"inLanguage":"en-US","potentialAction":[{"@type":"ReadAction","target":["https:\/\/nixiefab-france.fr\/shop\/la-carbonixie-full-black-carbone-forge\/"]}]},{"@type":"ImageObject","inLanguage":"en-US","@id":"https:\/\/nixiefab-france.fr\/shop\/la-carbonixie-full-black-carbone-forge\/#primaryimage","url":"https:\/\/nixiefab-france.fr\/wp-content\/uploads\/2025\/09\/NIXIE-FAB-HORLOGE-Modele-3-6.jpg","contentUrl":"https:\/\/nixiefab-france.fr\/wp-content\/uploads\/2025\/09\/NIXIE-FAB-HORLOGE-Modele-3-6.jpg","width":2160,"height":1437},{"@type":"BreadcrumbList","@id":"https:\/\/nixiefab-france.fr\/shop\/la-carbonixie-full-black-carbone-forge\/#breadcrumb","itemListElement":[{"@type":"ListItem","position":1,"name":"Accueil","item":"https:\/\/nixiefab-france.fr\/"},{"@type":"ListItem","position":2,"name":"SHOP","item":"https:\/\/nixiefab-france.fr\/shop\/"},{"@type":"ListItem","position":3,"name":"La Carbonixie full black carbone forg\u00e9"}]},{"@type":"WebSite","@id":"https:\/\/nixiefab-france.fr\/#website","url":"https:\/\/nixiefab-france.fr\/","name":"NixieFab cr\u00e9ateur d'horloges Nixie de luxe Fran\u00e7aise","description":"Cr\u00e9ateur d&#039;horloges Nixie haut de gamme en France","publisher":{"@id":"https:\/\/nixiefab-france.fr\/#organization"},"potentialAction":[{"@type":"SearchAction","target":{"@type":"EntryPoint","urlTemplate":"https:\/\/nixiefab-france.fr\/?s={search_term_string}"},"query-input":{"@type":"PropertyValueSpecification","valueRequired":true,"valueName":"search_term_string"}}],"inLanguage":"en-US"},{"@type":"Organization","@id":"https:\/\/nixiefab-france.fr\/#organization","name":"NixieFab France","url":"https:\/\/nixiefab-france.fr\/","logo":{"@type":"ImageObject","inLanguage":"en-US","@id":"https:\/\/nixiefab-france.fr\/#\/schema\/logo\/image\/","url":"https:\/\/nixiefab-france.fr\/wp-content\/uploads\/2024\/04\/miniature-or-sur-noir.webp","contentUrl":"https:\/\/nixiefab-france.fr\/wp-content\/uploads\/2024\/04\/miniature-or-sur-noir.webp","width":342,"height":256,"caption":"NixieFab France"},"image":{"@id":"https:\/\/nixiefab-france.fr\/#\/schema\/logo\/image\/"},"sameAs":["https:\/\/www.facebook.com\/nixiefab.france\/about","https:\/\/x.com\/NixieFab","https:\/\/www.instagram.com\/nixiefab.france","https:\/\/www.linkedin.com\/in\/fabrice-champenois-267a10a9\/"]}]}},"_links":{"self":[{"href":"https:\/\/nixiefab-france.fr\/en\/wp-json\/wp\/v2\/product\/1852","targetHints":{"allow":["GET"]}}],"collection":[{"href":"https:\/\/nixiefab-france.fr\/en\/wp-json\/wp\/v2\/product"}],"about":[{"href":"https:\/\/nixiefab-france.fr\/en\/wp-json\/wp\/v2\/types\/product"}],"replies":[{"embeddable":true,"href":"https:\/\/nixiefab-france.fr\/en\/wp-json\/wp\/v2\/comments?post=1852"}],"version-history":[{"count":7,"href":"https:\/\/nixiefab-france.fr\/en\/wp-json\/wp\/v2\/product\/1852\/revisions"}],"predecessor-version":[{"id":1860,"href":"https:\/\/nixiefab-france.fr\/en\/wp-json\/wp\/v2\/product\/1852\/revisions\/1860"}],"wp:featuredmedia":[{"embeddable":true,"href":"https:\/\/nixiefab-france.fr\/en\/wp-json\/wp\/v2\/media\/1818"}],"wp:attachment":[{"href":"https:\/\/nixiefab-france.fr\/en\/wp-json\/wp\/v2\/media?parent=1852"}],"wp:term":[{"taxonomy":"product_brand","embeddable":true,"href":"https:\/\/nixiefab-france.fr\/en\/wp-json\/wp\/v2\/product_brand?post=1852"},{"taxonomy":"product_cat","embeddable":true,"href":"https:\/\/nixiefab-france.fr\/en\/wp-json\/wp\/v2\/product_cat?post=1852"},{"taxonomy":"product_tag","embeddable":true,"href":"https:\/\/nixiefab-france.fr\/en\/wp-json\/wp\/v2\/product_tag?post=1852"}],"curies":[{"name":"wp","href":"https:\/\/api.w.org\/{rel}","templated":true}]}}