{"id":1830,"date":"2025-09-22T10:34:53","date_gmt":"2025-09-22T08:34:53","guid":{"rendered":"https:\/\/nixiefab-france.fr\/?post_type=product&#038;p=1830"},"modified":"2025-09-22T11:21:28","modified_gmt":"2025-09-22T09:21:28","slug":"la-zin18-amarante-frene","status":"publish","type":"product","link":"https:\/\/nixiefab-france.fr\/en\/shop\/la-zin18-amarante-frene\/","title":{"rendered":"La ZIN18 amarante fr\u00eane"},"content":{"rendered":"<div data-elementor-type=\"product-post\" data-elementor-id=\"1830\" class=\"elementor elementor-1830\" data-elementor-post-type=\"product\">\n\t\t\t\t<div class=\"elementor-element elementor-element-3cdf749 e-flex e-con-boxed wpr-particle-no wpr-jarallax-no wpr-parallax-no wpr-sticky-section-no wpr-equal-height-no e-con e-parent\" data-id=\"3cdf749\" data-element_type=\"container\" data-e-type=\"container\">\n\t\t\t\t\t<div class=\"e-con-inner\">\n\t\t\t\t<div class=\"elementor-element elementor-element-4324178c elementor-widget elementor-widget-text-editor\" data-id=\"4324178c\" data-element_type=\"widget\" data-e-type=\"widget\" data-widget_type=\"text-editor.default\">\n\t\t\t\t<div class=\"elementor-widget-container\">\n\t\t\t\t\t\t\t\t\tMedium-sized ZIN18 clock made of amaranth and ash wood, handcrafted in my workshop. ZIN18 clocks measure 13 inches and are available in several case versions (carbon, marble-effect resin, Cuban mahogany, or customization on request).\n\nFeaturing tubes made by a Ukrainian craftsman who revived production from the 1970s using traditional expertise enhanced by modern technology, this clock embodies excellence. Controlled by precise electronics, it offers Wi-Fi connectivity, full configuration via a smartphone app, and automatically synchronizes to the exact time via Wi-Fi. These tubes have an exceptional lifespan of approximately 20 years.\t\t\t\t\t\t\t\t<\/div>\n\t\t\t\t<\/div>\n\t\t\t\t\t<\/div>\n\t\t\t\t<\/div>\n\t\t<div class=\"elementor-element elementor-element-3297c5d e-flex e-con-boxed wpr-particle-no wpr-jarallax-no wpr-parallax-no wpr-sticky-section-no wpr-equal-height-no e-con e-parent\" data-id=\"3297c5d\" data-element_type=\"container\" data-e-type=\"container\">\n\t\t\t\t\t<div class=\"e-con-inner\">\n\t\t\t\t<div class=\"elementor-element elementor-element-02ada52 elementor-widget elementor-widget-eael-creative-button\" data-id=\"02ada52\" data-element_type=\"widget\" data-e-type=\"widget\" data-widget_type=\"eael-creative-button.default\">\n\t\t\t\t<div class=\"elementor-widget-container\">\n\t\t\t\t\t        <div class=\"eael-creative-button-wrapper\">\n\n            <a class=\"eael-creative-button eael-creative-button--default eael-cb-icon-position-\" href=\"https:\/\/nixiefab-france.fr\/en\/personalisation\/\" data-text=\"Go!\">\n            \t    \n                <div class=\"creative-button-inner\">\n\n                    \n                    <span class=\"cretive-button-text\">demander un devis<\/span>\n\n                                    <\/div>\n\t                        <\/a>\n        <\/div>\n        \t\t\t\t<\/div>\n\t\t\t\t<\/div>\n\t\t\t\t\t<\/div>\n\t\t\t\t<\/div>\n\t\t\t\t<\/div>","protected":false},"excerpt":{"rendered":"<p>Horloge ZIN18 de taille moyenne en bois d\u2019amarante et de fr\u00eane, fabriqu\u00e9e \u00e0 la main dans mon atelier. Les horloges ZIN18 mesurent 33 cm et sont d\u00e9clinables en plusieurs versions de bo\u00eetier (carbone, r\u00e9sine effet marbre, acajou de Cuba, ou personnalisation sur demande). Dot\u00e9e de tubes fabriqu\u00e9s par un artisan ukrainien ayant relanc\u00e9 la production des ann\u00e9es 70 avec un savoir-faire traditionnel am\u00e9lior\u00e9 par la technologie moderne, cette horloge incarne l\u2019excellence. Contr\u00f4l\u00e9e par une \u00e9lectronique pr\u00e9cise, elle offre une connectivit\u00e9 Wi-Fi, une configuration compl\u00e8te via une application smartphone, et se synchronise automatiquement \u00e0 l\u2019heure exacte gr\u00e2ce au Wi-Fi. Ces tubes jouissent d\u2019une long\u00e9vit\u00e9 exceptionnelle d\u2019environ 20 ans. demander un devis<\/p>","protected":false},"featured_media":1825,"comment_status":"open","ping_status":"closed","template":"","meta":[],"product_brand":[],"product_cat":[40],"product_tag":[41],"class_list":{"0":"post-1830","1":"product","2":"type-product","3":"status-publish","4":"has-post-thumbnail","6":"product_cat-avec-tube-zin18-2","7":"product_tag-avec-tube-zin18","9":"first","10":"instock","11":"taxable","12":"shipping-taxable","13":"product-type-simple"},"yoast_head":"<!-- This site is optimized with the Yoast SEO plugin v27.3 - https:\/\/yoast.com\/product\/yoast-seo-wordpress\/ -->\n<title>La ZIN18 amarante fr\u00eane - NixieFab cr\u00e9ateur d&#039;horloges Nixie de luxe Fran\u00e7aise<\/title>\n<meta name=\"description\" content=\"horloge nixie, nixie clock\" \/>\n<meta name=\"robots\" content=\"index, follow, max-snippet:-1, max-image-preview:large, max-video-preview:-1\" \/>\n<link rel=\"canonical\" href=\"https:\/\/nixiefab-france.fr\/en\/shop\/la-zin18-amarante-frene\/\" \/>\n<meta property=\"og:locale\" content=\"en_US\" \/>\n<meta property=\"og:type\" content=\"article\" \/>\n<meta property=\"og:title\" content=\"La ZIN18 amarante fr\u00eane - NixieFab cr\u00e9ateur d&#039;horloges Nixie de luxe Fran\u00e7aise\" \/>\n<meta property=\"og:description\" content=\"horloge nixie, nixie clock\" \/>\n<meta property=\"og:url\" content=\"https:\/\/nixiefab-france.fr\/en\/shop\/la-zin18-amarante-frene\/\" \/>\n<meta property=\"og:site_name\" content=\"NixieFab cr\u00e9ateur d&#039;horloges Nixie de luxe Fran\u00e7aise\" \/>\n<meta property=\"article:publisher\" content=\"https:\/\/www.facebook.com\/nixiefab.france\/about\" \/>\n<meta property=\"article:modified_time\" content=\"2025-09-22T09:21:28+00:00\" \/>\n<meta property=\"og:image\" content=\"https:\/\/nixiefab-france.fr\/wp-content\/uploads\/2025\/09\/NIXIE-FAB-HORLOGE-Modele-1-1.jpg\" \/>\n\t<meta property=\"og:image:width\" content=\"2160\" \/>\n\t<meta property=\"og:image:height\" content=\"1437\" \/>\n\t<meta property=\"og:image:type\" content=\"image\/jpeg\" \/>\n<meta name=\"twitter:card\" content=\"summary_large_image\" \/>\n<meta name=\"twitter:site\" content=\"@NixieFab\" \/>\n<script type=\"application\/ld+json\" class=\"yoast-schema-graph\">{\"@context\":\"https:\\\/\\\/schema.org\",\"@graph\":[{\"@type\":\"WebPage\",\"@id\":\"https:\\\/\\\/nixiefab-france.fr\\\/shop\\\/la-zin18-amarante-frene\\\/\",\"url\":\"https:\\\/\\\/nixiefab-france.fr\\\/shop\\\/la-zin18-amarante-frene\\\/\",\"name\":\"La ZIN18 amarante fr\u00eane - NixieFab cr\u00e9ateur d&#039;horloges Nixie de luxe Fran\u00e7aise\",\"isPartOf\":{\"@id\":\"https:\\\/\\\/nixiefab-france.fr\\\/#website\"},\"primaryImageOfPage\":{\"@id\":\"https:\\\/\\\/nixiefab-france.fr\\\/shop\\\/la-zin18-amarante-frene\\\/#primaryimage\"},\"image\":{\"@id\":\"https:\\\/\\\/nixiefab-france.fr\\\/shop\\\/la-zin18-amarante-frene\\\/#primaryimage\"},\"thumbnailUrl\":\"https:\\\/\\\/nixiefab-france.fr\\\/wp-content\\\/uploads\\\/2025\\\/09\\\/NIXIE-FAB-HORLOGE-Modele-1-1.jpg\",\"datePublished\":\"2025-09-22T08:34:53+00:00\",\"dateModified\":\"2025-09-22T09:21:28+00:00\",\"description\":\"horloge nixie, nixie clock\",\"breadcrumb\":{\"@id\":\"https:\\\/\\\/nixiefab-france.fr\\\/shop\\\/la-zin18-amarante-frene\\\/#breadcrumb\"},\"inLanguage\":\"en-US\",\"potentialAction\":[{\"@type\":\"ReadAction\",\"target\":[\"https:\\\/\\\/nixiefab-france.fr\\\/shop\\\/la-zin18-amarante-frene\\\/\"]}]},{\"@type\":\"ImageObject\",\"inLanguage\":\"en-US\",\"@id\":\"https:\\\/\\\/nixiefab-france.fr\\\/shop\\\/la-zin18-amarante-frene\\\/#primaryimage\",\"url\":\"https:\\\/\\\/nixiefab-france.fr\\\/wp-content\\\/uploads\\\/2025\\\/09\\\/NIXIE-FAB-HORLOGE-Modele-1-1.jpg\",\"contentUrl\":\"https:\\\/\\\/nixiefab-france.fr\\\/wp-content\\\/uploads\\\/2025\\\/09\\\/NIXIE-FAB-HORLOGE-Modele-1-1.jpg\",\"width\":2160,\"height\":1437},{\"@type\":\"BreadcrumbList\",\"@id\":\"https:\\\/\\\/nixiefab-france.fr\\\/shop\\\/la-zin18-amarante-frene\\\/#breadcrumb\",\"itemListElement\":[{\"@type\":\"ListItem\",\"position\":1,\"name\":\"Accueil\",\"item\":\"https:\\\/\\\/nixiefab-france.fr\\\/\"},{\"@type\":\"ListItem\",\"position\":2,\"name\":\"SHOP\",\"item\":\"https:\\\/\\\/nixiefab-france.fr\\\/shop\\\/\"},{\"@type\":\"ListItem\",\"position\":3,\"name\":\"La ZIN18 amarante fr\u00eane\"}]},{\"@type\":\"WebSite\",\"@id\":\"https:\\\/\\\/nixiefab-france.fr\\\/#website\",\"url\":\"https:\\\/\\\/nixiefab-france.fr\\\/\",\"name\":\"NixieFab cr\u00e9ateur d'horloges Nixie de luxe Fran\u00e7aise\",\"description\":\"Cr\u00e9ateur d&#039;horloges Nixie haut de gamme en France\",\"publisher\":{\"@id\":\"https:\\\/\\\/nixiefab-france.fr\\\/#organization\"},\"potentialAction\":[{\"@type\":\"SearchAction\",\"target\":{\"@type\":\"EntryPoint\",\"urlTemplate\":\"https:\\\/\\\/nixiefab-france.fr\\\/?s={search_term_string}\"},\"query-input\":{\"@type\":\"PropertyValueSpecification\",\"valueRequired\":true,\"valueName\":\"search_term_string\"}}],\"inLanguage\":\"en-US\"},{\"@type\":\"Organization\",\"@id\":\"https:\\\/\\\/nixiefab-france.fr\\\/#organization\",\"name\":\"NixieFab France\",\"url\":\"https:\\\/\\\/nixiefab-france.fr\\\/\",\"logo\":{\"@type\":\"ImageObject\",\"inLanguage\":\"en-US\",\"@id\":\"https:\\\/\\\/nixiefab-france.fr\\\/#\\\/schema\\\/logo\\\/image\\\/\",\"url\":\"https:\\\/\\\/nixiefab-france.fr\\\/wp-content\\\/uploads\\\/2024\\\/04\\\/miniature-or-sur-noir.webp\",\"contentUrl\":\"https:\\\/\\\/nixiefab-france.fr\\\/wp-content\\\/uploads\\\/2024\\\/04\\\/miniature-or-sur-noir.webp\",\"width\":342,\"height\":256,\"caption\":\"NixieFab France\"},\"image\":{\"@id\":\"https:\\\/\\\/nixiefab-france.fr\\\/#\\\/schema\\\/logo\\\/image\\\/\"},\"sameAs\":[\"https:\\\/\\\/www.facebook.com\\\/nixiefab.france\\\/about\",\"https:\\\/\\\/x.com\\\/NixieFab\",\"https:\\\/\\\/www.instagram.com\\\/nixiefab.france\",\"https:\\\/\\\/www.linkedin.com\\\/in\\\/fabrice-champenois-267a10a9\\\/\"]}]}<\/script>\n<!-- \/ Yoast SEO plugin. -->","yoast_head_json":{"title":"La ZIN18 amarante fr\u00eane - NixieFab cr\u00e9ateur d&#039;horloges Nixie de luxe Fran\u00e7aise","description":"horloge nixie, nixie clock","robots":{"index":"index","follow":"follow","max-snippet":"max-snippet:-1","max-image-preview":"max-image-preview:large","max-video-preview":"max-video-preview:-1"},"canonical":"https:\/\/nixiefab-france.fr\/en\/shop\/la-zin18-amarante-frene\/","og_locale":"en_US","og_type":"article","og_title":"La ZIN18 amarante fr\u00eane - NixieFab cr\u00e9ateur d&#039;horloges Nixie de luxe Fran\u00e7aise","og_description":"horloge nixie, nixie clock","og_url":"https:\/\/nixiefab-france.fr\/en\/shop\/la-zin18-amarante-frene\/","og_site_name":"NixieFab cr\u00e9ateur d&#039;horloges Nixie de luxe Fran\u00e7aise","article_publisher":"https:\/\/www.facebook.com\/nixiefab.france\/about","article_modified_time":"2025-09-22T09:21:28+00:00","og_image":[{"width":2160,"height":1437,"url":"https:\/\/nixiefab-france.fr\/wp-content\/uploads\/2025\/09\/NIXIE-FAB-HORLOGE-Modele-1-1.jpg","type":"image\/jpeg"}],"twitter_card":"summary_large_image","twitter_site":"@NixieFab","schema":{"@context":"https:\/\/schema.org","@graph":[{"@type":"WebPage","@id":"https:\/\/nixiefab-france.fr\/shop\/la-zin18-amarante-frene\/","url":"https:\/\/nixiefab-france.fr\/shop\/la-zin18-amarante-frene\/","name":"La ZIN18 amarante fr\u00eane - NixieFab cr\u00e9ateur d&#039;horloges Nixie de luxe Fran\u00e7aise","isPartOf":{"@id":"https:\/\/nixiefab-france.fr\/#website"},"primaryImageOfPage":{"@id":"https:\/\/nixiefab-france.fr\/shop\/la-zin18-amarante-frene\/#primaryimage"},"image":{"@id":"https:\/\/nixiefab-france.fr\/shop\/la-zin18-amarante-frene\/#primaryimage"},"thumbnailUrl":"https:\/\/nixiefab-france.fr\/wp-content\/uploads\/2025\/09\/NIXIE-FAB-HORLOGE-Modele-1-1.jpg","datePublished":"2025-09-22T08:34:53+00:00","dateModified":"2025-09-22T09:21:28+00:00","description":"horloge nixie, nixie clock","breadcrumb":{"@id":"https:\/\/nixiefab-france.fr\/shop\/la-zin18-amarante-frene\/#breadcrumb"},"inLanguage":"en-US","potentialAction":[{"@type":"ReadAction","target":["https:\/\/nixiefab-france.fr\/shop\/la-zin18-amarante-frene\/"]}]},{"@type":"ImageObject","inLanguage":"en-US","@id":"https:\/\/nixiefab-france.fr\/shop\/la-zin18-amarante-frene\/#primaryimage","url":"https:\/\/nixiefab-france.fr\/wp-content\/uploads\/2025\/09\/NIXIE-FAB-HORLOGE-Modele-1-1.jpg","contentUrl":"https:\/\/nixiefab-france.fr\/wp-content\/uploads\/2025\/09\/NIXIE-FAB-HORLOGE-Modele-1-1.jpg","width":2160,"height":1437},{"@type":"BreadcrumbList","@id":"https:\/\/nixiefab-france.fr\/shop\/la-zin18-amarante-frene\/#breadcrumb","itemListElement":[{"@type":"ListItem","position":1,"name":"Accueil","item":"https:\/\/nixiefab-france.fr\/"},{"@type":"ListItem","position":2,"name":"SHOP","item":"https:\/\/nixiefab-france.fr\/shop\/"},{"@type":"ListItem","position":3,"name":"La ZIN18 amarante fr\u00eane"}]},{"@type":"WebSite","@id":"https:\/\/nixiefab-france.fr\/#website","url":"https:\/\/nixiefab-france.fr\/","name":"NixieFab cr\u00e9ateur d'horloges Nixie de luxe Fran\u00e7aise","description":"Cr\u00e9ateur d&#039;horloges Nixie haut de gamme en France","publisher":{"@id":"https:\/\/nixiefab-france.fr\/#organization"},"potentialAction":[{"@type":"SearchAction","target":{"@type":"EntryPoint","urlTemplate":"https:\/\/nixiefab-france.fr\/?s={search_term_string}"},"query-input":{"@type":"PropertyValueSpecification","valueRequired":true,"valueName":"search_term_string"}}],"inLanguage":"en-US"},{"@type":"Organization","@id":"https:\/\/nixiefab-france.fr\/#organization","name":"NixieFab France","url":"https:\/\/nixiefab-france.fr\/","logo":{"@type":"ImageObject","inLanguage":"en-US","@id":"https:\/\/nixiefab-france.fr\/#\/schema\/logo\/image\/","url":"https:\/\/nixiefab-france.fr\/wp-content\/uploads\/2024\/04\/miniature-or-sur-noir.webp","contentUrl":"https:\/\/nixiefab-france.fr\/wp-content\/uploads\/2024\/04\/miniature-or-sur-noir.webp","width":342,"height":256,"caption":"NixieFab France"},"image":{"@id":"https:\/\/nixiefab-france.fr\/#\/schema\/logo\/image\/"},"sameAs":["https:\/\/www.facebook.com\/nixiefab.france\/about","https:\/\/x.com\/NixieFab","https:\/\/www.instagram.com\/nixiefab.france","https:\/\/www.linkedin.com\/in\/fabrice-champenois-267a10a9\/"]}]}},"_links":{"self":[{"href":"https:\/\/nixiefab-france.fr\/en\/wp-json\/wp\/v2\/product\/1830","targetHints":{"allow":["GET"]}}],"collection":[{"href":"https:\/\/nixiefab-france.fr\/en\/wp-json\/wp\/v2\/product"}],"about":[{"href":"https:\/\/nixiefab-france.fr\/en\/wp-json\/wp\/v2\/types\/product"}],"replies":[{"embeddable":true,"href":"https:\/\/nixiefab-france.fr\/en\/wp-json\/wp\/v2\/comments?post=1830"}],"version-history":[{"count":7,"href":"https:\/\/nixiefab-france.fr\/en\/wp-json\/wp\/v2\/product\/1830\/revisions"}],"predecessor-version":[{"id":1843,"href":"https:\/\/nixiefab-france.fr\/en\/wp-json\/wp\/v2\/product\/1830\/revisions\/1843"}],"wp:featuredmedia":[{"embeddable":true,"href":"https:\/\/nixiefab-france.fr\/en\/wp-json\/wp\/v2\/media\/1825"}],"wp:attachment":[{"href":"https:\/\/nixiefab-france.fr\/en\/wp-json\/wp\/v2\/media?parent=1830"}],"wp:term":[{"taxonomy":"product_brand","embeddable":true,"href":"https:\/\/nixiefab-france.fr\/en\/wp-json\/wp\/v2\/product_brand?post=1830"},{"taxonomy":"product_cat","embeddable":true,"href":"https:\/\/nixiefab-france.fr\/en\/wp-json\/wp\/v2\/product_cat?post=1830"},{"taxonomy":"product_tag","embeddable":true,"href":"https:\/\/nixiefab-france.fr\/en\/wp-json\/wp\/v2\/product_tag?post=1830"}],"curies":[{"name":"wp","href":"https:\/\/api.w.org\/{rel}","templated":true}]}}