{"id":1734,"date":"2024-11-20T10:36:26","date_gmt":"2024-11-20T09:36:26","guid":{"rendered":"https:\/\/nixiefab-france.fr\/?post_type=product&#038;p=1734"},"modified":"2025-09-03T22:34:12","modified_gmt":"2025-09-03T20:34:12","slug":"in14-bois-simple","status":"publish","type":"product","link":"https:\/\/nixiefab-france.fr\/en\/shop\/in14-bois-simple\/","title":{"rendered":"In14 bois simple"},"content":{"rendered":"<p>horloge sur commande en bois simple<\/p>","protected":false},"excerpt":{"rendered":"<p>horloge sur commande en bois simple<\/p>","protected":false},"featured_media":1764,"comment_status":"open","ping_status":"closed","template":"","meta":[],"product_brand":[],"product_cat":[29],"product_tag":[],"class_list":{"0":"post-1734","1":"product","2":"type-product","3":"status-publish","4":"has-post-thumbnail","6":"product_cat-avec-tube-in-14","7":"product_shipping_class-in14","9":"first","10":"instock","11":"taxable","12":"shipping-taxable","13":"purchasable","14":"product-type-simple"},"yoast_head":"<!-- This site is optimized with the Yoast SEO plugin v27.3 - https:\/\/yoast.com\/product\/yoast-seo-wordpress\/ -->\n<title>In14 bois simple - NixieFab cr\u00e9ateur d&#039;horloges Nixie de luxe Fran\u00e7aise<\/title>\n<meta name=\"description\" content=\"nixieclock\" \/>\n<meta name=\"robots\" content=\"index, follow, max-snippet:-1, max-image-preview:large, max-video-preview:-1\" \/>\n<link rel=\"canonical\" href=\"https:\/\/nixiefab-france.fr\/en\/shop\/in14-bois-simple\/\" \/>\n<meta property=\"og:locale\" content=\"en_US\" \/>\n<meta property=\"og:type\" content=\"article\" \/>\n<meta property=\"og:title\" content=\"In14 bois simple - NixieFab cr\u00e9ateur d&#039;horloges Nixie de luxe Fran\u00e7aise\" \/>\n<meta property=\"og:description\" content=\"nixieclock\" \/>\n<meta property=\"og:url\" content=\"https:\/\/nixiefab-france.fr\/en\/shop\/in14-bois-simple\/\" \/>\n<meta property=\"og:site_name\" content=\"NixieFab cr\u00e9ateur d&#039;horloges Nixie de luxe Fran\u00e7aise\" \/>\n<meta property=\"article:publisher\" content=\"https:\/\/www.facebook.com\/nixiefab.france\/about\" \/>\n<meta property=\"article:modified_time\" content=\"2025-09-03T20:34:12+00:00\" \/>\n<meta property=\"og:image\" content=\"https:\/\/nixiefab-france.fr\/wp-content\/uploads\/2024\/12\/WhatsApp-Image-2024-12-24-a-16.18.43_f46a953a.jpg\" \/>\n\t<meta property=\"og:image:width\" content=\"2016\" \/>\n\t<meta property=\"og:image:height\" content=\"908\" \/>\n\t<meta property=\"og:image:type\" content=\"image\/jpeg\" \/>\n<meta name=\"twitter:card\" content=\"summary_large_image\" \/>\n<meta name=\"twitter:site\" content=\"@NixieFab\" \/>\n<meta name=\"twitter:label1\" content=\"Est. reading time\" \/>\n\t<meta name=\"twitter:data1\" content=\"1 minute\" \/>\n<script type=\"application\/ld+json\" class=\"yoast-schema-graph\">{\"@context\":\"https:\\\/\\\/schema.org\",\"@graph\":[{\"@type\":\"WebPage\",\"@id\":\"https:\\\/\\\/nixiefab-france.fr\\\/shop\\\/in14-bois-simple\\\/\",\"url\":\"https:\\\/\\\/nixiefab-france.fr\\\/shop\\\/in14-bois-simple\\\/\",\"name\":\"In14 bois simple - NixieFab cr\u00e9ateur d&#039;horloges Nixie de luxe Fran\u00e7aise\",\"isPartOf\":{\"@id\":\"https:\\\/\\\/nixiefab-france.fr\\\/#website\"},\"primaryImageOfPage\":{\"@id\":\"https:\\\/\\\/nixiefab-france.fr\\\/shop\\\/in14-bois-simple\\\/#primaryimage\"},\"image\":{\"@id\":\"https:\\\/\\\/nixiefab-france.fr\\\/shop\\\/in14-bois-simple\\\/#primaryimage\"},\"thumbnailUrl\":\"https:\\\/\\\/nixiefab-france.fr\\\/wp-content\\\/uploads\\\/2024\\\/12\\\/WhatsApp-Image-2024-12-24-a-16.18.43_f46a953a.jpg\",\"datePublished\":\"2024-11-20T09:36:26+00:00\",\"dateModified\":\"2025-09-03T20:34:12+00:00\",\"description\":\"nixieclock\",\"breadcrumb\":{\"@id\":\"https:\\\/\\\/nixiefab-france.fr\\\/shop\\\/in14-bois-simple\\\/#breadcrumb\"},\"inLanguage\":\"en-US\",\"potentialAction\":[{\"@type\":\"ReadAction\",\"target\":[\"https:\\\/\\\/nixiefab-france.fr\\\/shop\\\/in14-bois-simple\\\/\"]}]},{\"@type\":\"ImageObject\",\"inLanguage\":\"en-US\",\"@id\":\"https:\\\/\\\/nixiefab-france.fr\\\/shop\\\/in14-bois-simple\\\/#primaryimage\",\"url\":\"https:\\\/\\\/nixiefab-france.fr\\\/wp-content\\\/uploads\\\/2024\\\/12\\\/WhatsApp-Image-2024-12-24-a-16.18.43_f46a953a.jpg\",\"contentUrl\":\"https:\\\/\\\/nixiefab-france.fr\\\/wp-content\\\/uploads\\\/2024\\\/12\\\/WhatsApp-Image-2024-12-24-a-16.18.43_f46a953a.jpg\",\"width\":2016,\"height\":908},{\"@type\":\"BreadcrumbList\",\"@id\":\"https:\\\/\\\/nixiefab-france.fr\\\/shop\\\/in14-bois-simple\\\/#breadcrumb\",\"itemListElement\":[{\"@type\":\"ListItem\",\"position\":1,\"name\":\"Accueil\",\"item\":\"https:\\\/\\\/nixiefab-france.fr\\\/\"},{\"@type\":\"ListItem\",\"position\":2,\"name\":\"SHOP\",\"item\":\"https:\\\/\\\/nixiefab-france.fr\\\/shop\\\/\"},{\"@type\":\"ListItem\",\"position\":3,\"name\":\"In14 bois simple\"}]},{\"@type\":\"WebSite\",\"@id\":\"https:\\\/\\\/nixiefab-france.fr\\\/#website\",\"url\":\"https:\\\/\\\/nixiefab-france.fr\\\/\",\"name\":\"NixieFab cr\u00e9ateur d'horloges Nixie de luxe Fran\u00e7aise\",\"description\":\"Cr\u00e9ateur d&#039;horloges Nixie haut de gamme en France\",\"publisher\":{\"@id\":\"https:\\\/\\\/nixiefab-france.fr\\\/#organization\"},\"potentialAction\":[{\"@type\":\"SearchAction\",\"target\":{\"@type\":\"EntryPoint\",\"urlTemplate\":\"https:\\\/\\\/nixiefab-france.fr\\\/?s={search_term_string}\"},\"query-input\":{\"@type\":\"PropertyValueSpecification\",\"valueRequired\":true,\"valueName\":\"search_term_string\"}}],\"inLanguage\":\"en-US\"},{\"@type\":\"Organization\",\"@id\":\"https:\\\/\\\/nixiefab-france.fr\\\/#organization\",\"name\":\"NixieFab France\",\"url\":\"https:\\\/\\\/nixiefab-france.fr\\\/\",\"logo\":{\"@type\":\"ImageObject\",\"inLanguage\":\"en-US\",\"@id\":\"https:\\\/\\\/nixiefab-france.fr\\\/#\\\/schema\\\/logo\\\/image\\\/\",\"url\":\"https:\\\/\\\/nixiefab-france.fr\\\/wp-content\\\/uploads\\\/2024\\\/04\\\/miniature-or-sur-noir.webp\",\"contentUrl\":\"https:\\\/\\\/nixiefab-france.fr\\\/wp-content\\\/uploads\\\/2024\\\/04\\\/miniature-or-sur-noir.webp\",\"width\":342,\"height\":256,\"caption\":\"NixieFab France\"},\"image\":{\"@id\":\"https:\\\/\\\/nixiefab-france.fr\\\/#\\\/schema\\\/logo\\\/image\\\/\"},\"sameAs\":[\"https:\\\/\\\/www.facebook.com\\\/nixiefab.france\\\/about\",\"https:\\\/\\\/x.com\\\/NixieFab\",\"https:\\\/\\\/www.instagram.com\\\/nixiefab.france\",\"https:\\\/\\\/www.linkedin.com\\\/in\\\/fabrice-champenois-267a10a9\\\/\"]}]}<\/script>\n<!-- \/ Yoast SEO plugin. -->","yoast_head_json":{"title":"In14 bois simple - NixieFab cr\u00e9ateur d&#039;horloges Nixie de luxe Fran\u00e7aise","description":"nixieclock","robots":{"index":"index","follow":"follow","max-snippet":"max-snippet:-1","max-image-preview":"max-image-preview:large","max-video-preview":"max-video-preview:-1"},"canonical":"https:\/\/nixiefab-france.fr\/en\/shop\/in14-bois-simple\/","og_locale":"en_US","og_type":"article","og_title":"In14 bois simple - NixieFab cr\u00e9ateur d&#039;horloges Nixie de luxe Fran\u00e7aise","og_description":"nixieclock","og_url":"https:\/\/nixiefab-france.fr\/en\/shop\/in14-bois-simple\/","og_site_name":"NixieFab cr\u00e9ateur d&#039;horloges Nixie de luxe Fran\u00e7aise","article_publisher":"https:\/\/www.facebook.com\/nixiefab.france\/about","article_modified_time":"2025-09-03T20:34:12+00:00","og_image":[{"width":2016,"height":908,"url":"https:\/\/nixiefab-france.fr\/wp-content\/uploads\/2024\/12\/WhatsApp-Image-2024-12-24-a-16.18.43_f46a953a.jpg","type":"image\/jpeg"}],"twitter_card":"summary_large_image","twitter_site":"@NixieFab","twitter_misc":{"Est. reading time":"1 minute"},"schema":{"@context":"https:\/\/schema.org","@graph":[{"@type":"WebPage","@id":"https:\/\/nixiefab-france.fr\/shop\/in14-bois-simple\/","url":"https:\/\/nixiefab-france.fr\/shop\/in14-bois-simple\/","name":"In14 bois simple - NixieFab cr\u00e9ateur d&#039;horloges Nixie de luxe Fran\u00e7aise","isPartOf":{"@id":"https:\/\/nixiefab-france.fr\/#website"},"primaryImageOfPage":{"@id":"https:\/\/nixiefab-france.fr\/shop\/in14-bois-simple\/#primaryimage"},"image":{"@id":"https:\/\/nixiefab-france.fr\/shop\/in14-bois-simple\/#primaryimage"},"thumbnailUrl":"https:\/\/nixiefab-france.fr\/wp-content\/uploads\/2024\/12\/WhatsApp-Image-2024-12-24-a-16.18.43_f46a953a.jpg","datePublished":"2024-11-20T09:36:26+00:00","dateModified":"2025-09-03T20:34:12+00:00","description":"nixieclock","breadcrumb":{"@id":"https:\/\/nixiefab-france.fr\/shop\/in14-bois-simple\/#breadcrumb"},"inLanguage":"en-US","potentialAction":[{"@type":"ReadAction","target":["https:\/\/nixiefab-france.fr\/shop\/in14-bois-simple\/"]}]},{"@type":"ImageObject","inLanguage":"en-US","@id":"https:\/\/nixiefab-france.fr\/shop\/in14-bois-simple\/#primaryimage","url":"https:\/\/nixiefab-france.fr\/wp-content\/uploads\/2024\/12\/WhatsApp-Image-2024-12-24-a-16.18.43_f46a953a.jpg","contentUrl":"https:\/\/nixiefab-france.fr\/wp-content\/uploads\/2024\/12\/WhatsApp-Image-2024-12-24-a-16.18.43_f46a953a.jpg","width":2016,"height":908},{"@type":"BreadcrumbList","@id":"https:\/\/nixiefab-france.fr\/shop\/in14-bois-simple\/#breadcrumb","itemListElement":[{"@type":"ListItem","position":1,"name":"Accueil","item":"https:\/\/nixiefab-france.fr\/"},{"@type":"ListItem","position":2,"name":"SHOP","item":"https:\/\/nixiefab-france.fr\/shop\/"},{"@type":"ListItem","position":3,"name":"In14 bois simple"}]},{"@type":"WebSite","@id":"https:\/\/nixiefab-france.fr\/#website","url":"https:\/\/nixiefab-france.fr\/","name":"NixieFab cr\u00e9ateur d'horloges Nixie de luxe Fran\u00e7aise","description":"Cr\u00e9ateur d&#039;horloges Nixie haut de gamme en France","publisher":{"@id":"https:\/\/nixiefab-france.fr\/#organization"},"potentialAction":[{"@type":"SearchAction","target":{"@type":"EntryPoint","urlTemplate":"https:\/\/nixiefab-france.fr\/?s={search_term_string}"},"query-input":{"@type":"PropertyValueSpecification","valueRequired":true,"valueName":"search_term_string"}}],"inLanguage":"en-US"},{"@type":"Organization","@id":"https:\/\/nixiefab-france.fr\/#organization","name":"NixieFab France","url":"https:\/\/nixiefab-france.fr\/","logo":{"@type":"ImageObject","inLanguage":"en-US","@id":"https:\/\/nixiefab-france.fr\/#\/schema\/logo\/image\/","url":"https:\/\/nixiefab-france.fr\/wp-content\/uploads\/2024\/04\/miniature-or-sur-noir.webp","contentUrl":"https:\/\/nixiefab-france.fr\/wp-content\/uploads\/2024\/04\/miniature-or-sur-noir.webp","width":342,"height":256,"caption":"NixieFab France"},"image":{"@id":"https:\/\/nixiefab-france.fr\/#\/schema\/logo\/image\/"},"sameAs":["https:\/\/www.facebook.com\/nixiefab.france\/about","https:\/\/x.com\/NixieFab","https:\/\/www.instagram.com\/nixiefab.france","https:\/\/www.linkedin.com\/in\/fabrice-champenois-267a10a9\/"]}]}},"_links":{"self":[{"href":"https:\/\/nixiefab-france.fr\/en\/wp-json\/wp\/v2\/product\/1734","targetHints":{"allow":["GET"]}}],"collection":[{"href":"https:\/\/nixiefab-france.fr\/en\/wp-json\/wp\/v2\/product"}],"about":[{"href":"https:\/\/nixiefab-france.fr\/en\/wp-json\/wp\/v2\/types\/product"}],"replies":[{"embeddable":true,"href":"https:\/\/nixiefab-france.fr\/en\/wp-json\/wp\/v2\/comments?post=1734"}],"version-history":[{"count":1,"href":"https:\/\/nixiefab-france.fr\/en\/wp-json\/wp\/v2\/product\/1734\/revisions"}],"predecessor-version":[{"id":1735,"href":"https:\/\/nixiefab-france.fr\/en\/wp-json\/wp\/v2\/product\/1734\/revisions\/1735"}],"wp:featuredmedia":[{"embeddable":true,"href":"https:\/\/nixiefab-france.fr\/en\/wp-json\/wp\/v2\/media\/1764"}],"wp:attachment":[{"href":"https:\/\/nixiefab-france.fr\/en\/wp-json\/wp\/v2\/media?parent=1734"}],"wp:term":[{"taxonomy":"product_brand","embeddable":true,"href":"https:\/\/nixiefab-france.fr\/en\/wp-json\/wp\/v2\/product_brand?post=1734"},{"taxonomy":"product_cat","embeddable":true,"href":"https:\/\/nixiefab-france.fr\/en\/wp-json\/wp\/v2\/product_cat?post=1734"},{"taxonomy":"product_tag","embeddable":true,"href":"https:\/\/nixiefab-france.fr\/en\/wp-json\/wp\/v2\/product_tag?post=1734"}],"curies":[{"name":"wp","href":"https:\/\/api.w.org\/{rel}","templated":true}]}}