{"id":319,"date":"2024-05-03T16:51:43","date_gmt":"2024-05-03T14:51:43","guid":{"rendered":"https:\/\/nixiefab-france.fr\/?page_id=319"},"modified":"2024-05-27T10:26:29","modified_gmt":"2024-05-27T08:26:29","slug":"contact","status":"publish","type":"page","link":"https:\/\/nixiefab-france.fr\/en\/contact\/","title":{"rendered":"CONTACT"},"content":{"rendered":"\t\t<div data-elementor-type=\"wp-page\" data-elementor-id=\"319\" class=\"elementor elementor-319\" data-elementor-post-type=\"page\">\n\t\t\t\t<div class=\"elementor-element elementor-element-e7c9cd8 e-flex e-con-boxed wpr-particle-no wpr-jarallax-no wpr-parallax-no wpr-sticky-section-no wpr-equal-height-no e-con e-parent\" data-id=\"e7c9cd8\" data-element_type=\"container\" data-e-type=\"container\">\n\t\t\t\t\t<div class=\"e-con-inner\">\n\t\t\t\t<div class=\"elementor-element elementor-element-ce8fc9c elementor-widget elementor-widget-heading\" data-id=\"ce8fc9c\" data-element_type=\"widget\" data-e-type=\"widget\" data-widget_type=\"heading.default\">\n\t\t\t\t<div class=\"elementor-widget-container\">\n\t\t\t\t\t<h2 class=\"elementor-heading-title elementor-size-default\">me contacter<\/h2>\t\t\t\t<\/div>\n\t\t\t\t<\/div>\n\t\t<div class=\"elementor-element elementor-element-12103ad e-flex e-con-boxed wpr-particle-no wpr-jarallax-no wpr-parallax-no wpr-sticky-section-no wpr-equal-height-no e-con e-child\" data-id=\"12103ad\" data-element_type=\"container\" data-e-type=\"container\">\n\t\t\t\t\t<div class=\"e-con-inner\">\n\t\t\t\t<div class=\"elementor-element elementor-element-87f9531 elementor-widget elementor-widget-text-editor\" data-id=\"87f9531\" data-element_type=\"widget\" data-e-type=\"widget\" data-widget_type=\"text-editor.default\">\n\t\t\t\t<div class=\"elementor-widget-container\">\n\t\t\t\t\t\t\t\t\t<p>Je suis \u00e0 votre disposition pour toute demande, question ou explication concernant les diverses possibilit\u00e9s que je vous propose, qu&rsquo;il s&rsquo;agisse de la cr\u00e9ation d&rsquo;horloges sur mesure ou de mod\u00e8les disponibles au catalogue<\/p>\t\t\t\t\t\t\t\t<\/div>\n\t\t\t\t<\/div>\n\t\t\t\t\t<\/div>\n\t\t\t\t<\/div>\n\t\t<div class=\"elementor-element elementor-element-bc4a585 e-con-full e-flex wpr-particle-no wpr-jarallax-no wpr-parallax-no wpr-sticky-section-no wpr-equal-height-no e-con e-child\" data-id=\"bc4a585\" data-element_type=\"container\" data-e-type=\"container\">\n\t\t\t\t<div class=\"elementor-element elementor-element-978eff6 elementor-widget__width-initial elementor-widget-mobile__width-initial elementor-view-default elementor-widget elementor-widget-icon\" data-id=\"978eff6\" data-element_type=\"widget\" data-e-type=\"widget\" data-widget_type=\"icon.default\">\n\t\t\t\t<div class=\"elementor-widget-container\">\n\t\t\t\t\t\t\t<div class=\"elementor-icon-wrapper\">\n\t\t\t<div class=\"elementor-icon\">\n\t\t\t<svg aria-hidden=\"true\" class=\"e-font-icon-svg e-fas-mail-bulk\" viewBox=\"0 0 576 512\" xmlns=\"http:\/\/www.w3.org\/2000\/svg\"><path d=\"M160 448c-25.6 0-51.2-22.4-64-32-64-44.8-83.2-60.8-96-70.4V480c0 17.67 14.33 32 32 32h256c17.67 0 32-14.33 32-32V345.6c-12.8 9.6-32 25.6-96 70.4-12.8 9.6-38.4 32-64 32zm128-192H32c-17.67 0-32 14.33-32 32v16c25.6 19.2 22.4 19.2 115.2 86.4 9.6 6.4 28.8 25.6 44.8 25.6s35.2-19.2 44.8-22.4c92.8-67.2 89.6-67.2 115.2-86.4V288c0-17.67-14.33-32-32-32zm256-96H224c-17.67 0-32 14.33-32 32v32h96c33.21 0 60.59 25.42 63.71 57.82l.29-.22V416h192c17.67 0 32-14.33 32-32V192c0-17.67-14.33-32-32-32zm-32 128h-64v-64h64v64zm-352-96c0-35.29 28.71-64 64-64h224V32c0-17.67-14.33-32-32-32H96C78.33 0 64 14.33 64 32v192h96v-32z\"><\/path><\/svg>\t\t\t<\/div>\n\t\t<\/div>\n\t\t\t\t\t\t<\/div>\n\t\t\t\t<\/div>\n\t\t\t\t<div class=\"elementor-element elementor-element-a37d817 elementor-widget__width-initial elementor-widget-mobile__width-initial elementor-widget elementor-widget-text-editor\" data-id=\"a37d817\" data-element_type=\"widget\" data-e-type=\"widget\" data-widget_type=\"text-editor.default\">\n\t\t\t\t<div class=\"elementor-widget-container\">\n\t\t\t\t\t\t\t\t\t<p>Mon mail : <a href=\"mailto:service.client@nixiefab-france.fr\">service.client@nixiefab-france.fr<\/a><\/p>\t\t\t\t\t\t\t\t<\/div>\n\t\t\t\t<\/div>\n\t\t<div class=\"elementor-element elementor-element-037e98f e-con-full e-flex wpr-particle-no wpr-jarallax-no wpr-parallax-no wpr-sticky-section-no wpr-equal-height-no e-con e-child\" data-id=\"037e98f\" data-element_type=\"container\" data-e-type=\"container\">\n\t\t\t\t<div class=\"elementor-element elementor-element-6579048 elementor-widget__width-initial elementor-view-default elementor-widget elementor-widget-icon\" data-id=\"6579048\" data-element_type=\"widget\" data-e-type=\"widget\" data-widget_type=\"icon.default\">\n\t\t\t\t<div class=\"elementor-widget-container\">\n\t\t\t\t\t\t\t<div class=\"elementor-icon-wrapper\">\n\t\t\t<div class=\"elementor-icon\">\n\t\t\t<svg aria-hidden=\"true\" class=\"e-font-icon-svg e-fas-phone\" viewBox=\"0 0 512 512\" xmlns=\"http:\/\/www.w3.org\/2000\/svg\"><path d=\"M493.4 24.6l-104-24c-11.3-2.6-22.9 3.3-27.5 13.9l-48 112c-4.2 9.8-1.4 21.3 6.9 28l60.6 49.6c-36 76.7-98.9 140.5-177.2 177.2l-49.6-60.6c-6.8-8.3-18.2-11.1-28-6.9l-112 48C3.9 366.5-2 378.1.6 389.4l24 104C27.1 504.2 36.7 512 48 512c256.1 0 464-207.5 464-464 0-11.2-7.7-20.9-18.6-23.4z\"><\/path><\/svg>\t\t\t<\/div>\n\t\t<\/div>\n\t\t\t\t\t\t<\/div>\n\t\t\t\t<\/div>\n\t\t\t\t<div class=\"elementor-element elementor-element-1fb91c4 elementor-widget-mobile__width-initial elementor-widget elementor-widget-text-editor\" data-id=\"1fb91c4\" data-element_type=\"widget\" data-e-type=\"widget\" data-widget_type=\"text-editor.default\">\n\t\t\t\t<div class=\"elementor-widget-container\">\n\t\t\t\t\t\t\t\t\t<p>Mon t\u00e9l\u00e9phone (FR)<\/p><p><a href=\"tel:0686441402\"><strong>06 86 44 14 02<\/strong><\/a><\/p>\t\t\t\t\t\t\t\t<\/div>\n\t\t\t\t<\/div>\n\t\t\t\t<\/div>\n\t\t\t\t<\/div>\n\t\t<div class=\"elementor-element elementor-element-cbd138f e-con-full e-flex wpr-particle-no wpr-jarallax-no wpr-parallax-no wpr-sticky-section-no wpr-equal-height-no e-con e-child\" data-id=\"cbd138f\" data-element_type=\"container\" data-e-type=\"container\">\n\t\t\t\t<div class=\"elementor-element elementor-element-c93d779 elementor-widget__width-initial elementor-view-default elementor-widget elementor-widget-icon\" data-id=\"c93d779\" data-element_type=\"widget\" data-e-type=\"widget\" data-widget_type=\"icon.default\">\n\t\t\t\t<div class=\"elementor-widget-container\">\n\t\t\t\t\t\t\t<div class=\"elementor-icon-wrapper\">\n\t\t\t<div class=\"elementor-icon\">\n\t\t\t<svg aria-hidden=\"true\" class=\"e-font-icon-svg e-far-edit\" viewBox=\"0 0 576 512\" xmlns=\"http:\/\/www.w3.org\/2000\/svg\"><path d=\"M402.3 344.9l32-32c5-5 13.7-1.5 13.7 5.7V464c0 26.5-21.5 48-48 48H48c-26.5 0-48-21.5-48-48V112c0-26.5 21.5-48 48-48h273.5c7.1 0 10.7 8.6 5.7 13.7l-32 32c-1.5 1.5-3.5 2.3-5.7 2.3H48v352h352V350.5c0-2.1.8-4.1 2.3-5.6zm156.6-201.8L296.3 405.7l-90.4 10c-26.2 2.9-48.5-19.2-45.6-45.6l10-90.4L432.9 17.1c22.9-22.9 59.9-22.9 82.7 0l43.2 43.2c22.9 22.9 22.9 60 .1 82.8zM460.1 174L402 115.9 216.2 301.8l-7.3 65.3 65.3-7.3L460.1 174zm64.8-79.7l-43.2-43.2c-4.1-4.1-10.8-4.1-14.8 0L436 82l58.1 58.1 30.9-30.9c4-4.2 4-10.8-.1-14.9z\"><\/path><\/svg>\t\t\t<\/div>\n\t\t<\/div>\n\t\t\t\t\t\t<\/div>\n\t\t\t\t<\/div>\n\t\t\t\t<div class=\"elementor-element elementor-element-6fca54d elementor-widget elementor-widget-text-editor\" data-id=\"6fca54d\" data-element_type=\"widget\" data-e-type=\"widget\" data-widget_type=\"text-editor.default\">\n\t\t\t\t<div class=\"elementor-widget-container\">\n\t\t\t\t\t\t\t\t\t<p>Avec le formulaire ci-dessous<\/p>\t\t\t\t\t\t\t\t<\/div>\n\t\t\t\t<\/div>\n\t\t\t\t<\/div>\n\t\t\t\t\t<\/div>\n\t\t\t\t<\/div>\n\t\t<div class=\"elementor-element elementor-element-7f30432 e-flex e-con-boxed wpr-particle-no wpr-jarallax-no wpr-parallax-no wpr-sticky-section-no wpr-equal-height-no e-con e-parent\" data-id=\"7f30432\" data-element_type=\"container\" data-e-type=\"container\">\n\t\t\t\t\t<div class=\"e-con-inner\">\n\t\t\t\t<div class=\"elementor-element elementor-element-efb3ac8 elementor-button-align-center elementor-widget elementor-widget-form\" data-id=\"efb3ac8\" data-element_type=\"widget\" data-e-type=\"widget\" data-settings=\"{&quot;button_width&quot;:&quot;33&quot;,&quot;step_next_label&quot;:&quot;Suivant&quot;,&quot;step_previous_label&quot;:&quot;Pr\\u00e9c\\u00e9dent&quot;,&quot;step_type&quot;:&quot;number_text&quot;,&quot;step_icon_shape&quot;:&quot;circle&quot;}\" data-widget_type=\"form.default\">\n\t\t\t\t<div class=\"elementor-widget-container\">\n\t\t\t\t\t\t\t<form class=\"elementor-form\" method=\"post\" name=\"formulaire de contact\" aria-label=\"formulaire de contact\">\n\t\t\t<input type=\"hidden\" name=\"post_id\" value=\"319\"\/>\n\t\t\t<input type=\"hidden\" name=\"form_id\" value=\"efb3ac8\"\/>\n\t\t\t<input type=\"hidden\" name=\"referer_title\" value=\"CONTACT - NixieFab cr\u00e9ateur d&#039;horloges Nixie de luxe Fran\u00e7aise\" \/>\n\n\t\t\t\t\t\t\t<input type=\"hidden\" name=\"queried_id\" value=\"319\"\/>\n\t\t\t\n\t\t\t<div class=\"elementor-form-fields-wrapper elementor-labels-above\">\n\t\t\t\t\t\t\t\t<div class=\"elementor-field-type-text elementor-field-group elementor-column elementor-field-group-name elementor-col-33 elementor-field-required elementor-mark-required\">\n\t\t\t\t\t\t\t\t\t\t\t\t<label for=\"form-field-name\" class=\"elementor-field-label\">\n\t\t\t\t\t\t\t\tNom\t\t\t\t\t\t\t<\/label>\n\t\t\t\t\t\t\t\t\t\t\t\t\t\t<input size=\"1\" type=\"text\" name=\"form_fields[name]\" id=\"form-field-name\" class=\"elementor-field elementor-size-sm  elementor-field-textual\" placeholder=\"Nom\" required=\"required\">\n\t\t\t\t\t\t\t\t\t\t\t<\/div>\n\t\t\t\t\t\t\t\t<div class=\"elementor-field-type-email elementor-field-group elementor-column elementor-field-group-email elementor-col-40 elementor-field-required elementor-mark-required\">\n\t\t\t\t\t\t\t\t\t\t\t\t<label for=\"form-field-email\" class=\"elementor-field-label\">\n\t\t\t\t\t\t\t\tE-mail\t\t\t\t\t\t\t<\/label>\n\t\t\t\t\t\t\t\t\t\t\t\t\t\t<input size=\"1\" type=\"email\" name=\"form_fields[email]\" id=\"form-field-email\" class=\"elementor-field elementor-size-sm  elementor-field-textual\" placeholder=\"E-mail\" required=\"required\">\n\t\t\t\t\t\t\t\t\t\t\t<\/div>\n\t\t\t\t\t\t\t\t<div class=\"elementor-field-type-textarea elementor-field-group elementor-column elementor-field-group-message elementor-col-80 elementor-field-required elementor-mark-required\">\n\t\t\t\t\t\t\t\t\t\t\t\t<label for=\"form-field-message\" class=\"elementor-field-label\">\n\t\t\t\t\t\t\t\tMessage\t\t\t\t\t\t\t<\/label>\n\t\t\t\t\t\t<textarea class=\"elementor-field-textual elementor-field  elementor-size-sm\" name=\"form_fields[message]\" id=\"form-field-message\" rows=\"9\" placeholder=\"Message\" required=\"required\"><\/textarea>\t\t\t\t<\/div>\n\t\t\t\t\t\t\t\t<div class=\"elementor-field-type-text elementor-field-group elementor-column elementor-field-group-field_e42a7c5 elementor-col-30\">\n\t\t\t\t\t\t\t\t\t\t\t\t<label for=\"form-field-field_e42a7c5\" class=\"elementor-field-label\">\n\t\t\t\t\t\t\t\tPays\t\t\t\t\t\t\t<\/label>\n\t\t\t\t\t\t\t\t\t\t\t\t\t\t<input size=\"1\" type=\"text\" name=\"form_fields[field_e42a7c5]\" id=\"form-field-field_e42a7c5\" class=\"elementor-field elementor-size-sm  elementor-field-textual\">\n\t\t\t\t\t\t\t\t\t\t\t<\/div>\n\t\t\t\t\t\t\t\t<div class=\"elementor-field-group elementor-column elementor-field-type-submit elementor-col-33 e-form__buttons\">\n\t\t\t\t\t<button class=\"elementor-button elementor-size-lg\" type=\"submit\">\n\t\t\t\t\t\t<span class=\"elementor-button-content-wrapper\">\n\t\t\t\t\t\t\t\t\t\t\t\t\t\t\t\t\t\t\t\t\t\t<span class=\"elementor-button-text\">Envoyer<\/span>\n\t\t\t\t\t\t\t\t\t\t\t\t\t<\/span>\n\t\t\t\t\t<\/button>\n\t\t\t\t<\/div>\n\t\t\t<\/div>\n\t\t<\/form>\n\t\t\t\t\t\t<\/div>\n\t\t\t\t<\/div>\n\t\t\t\t\t<\/div>\n\t\t\t\t<\/div>\n\t\t<div class=\"elementor-element elementor-element-d07a6a1 e-flex e-con-boxed wpr-particle-no wpr-jarallax-no wpr-parallax-no wpr-sticky-section-no wpr-equal-height-no e-con e-parent\" data-id=\"d07a6a1\" data-element_type=\"container\" data-e-type=\"container\">\n\t\t\t\t\t<div class=\"e-con-inner\">\n\t\t\t\t\t<\/div>\n\t\t\t\t<\/div>\n\t\t\t\t<\/div>\n\t\t","protected":false},"excerpt":{"rendered":"<p>me contacter Je suis \u00e0 votre disposition pour toute demande, question ou explication concernant les diverses possibilit\u00e9s que je vous propose, qu&rsquo;il s&rsquo;agisse de la cr\u00e9ation d&rsquo;horloges sur mesure ou de mod\u00e8les disponibles au catalogue Mon mail : service.client@nixiefab-france.fr Mon t\u00e9l\u00e9phone (FR) 06 86 44 14 02 Avec le formulaire ci-dessous<\/p>","protected":false},"author":1,"featured_media":0,"parent":0,"menu_order":0,"comment_status":"closed","ping_status":"closed","template":"","meta":{"footnotes":""},"class_list":["post-319","page","type-page","status-publish","hentry"],"yoast_head":"<!-- This site is optimized with the Yoast SEO plugin v27.3 - https:\/\/yoast.com\/product\/yoast-seo-wordpress\/ -->\n<title>CONTACT - NixieFab cr\u00e9ateur d&#039;horloges Nixie de luxe Fran\u00e7aise<\/title>\n<meta name=\"robots\" content=\"index, follow, max-snippet:-1, max-image-preview:large, max-video-preview:-1\" \/>\n<link rel=\"canonical\" href=\"https:\/\/nixiefab-france.fr\/en\/contact\/\" \/>\n<meta property=\"og:locale\" content=\"en_US\" \/>\n<meta property=\"og:type\" content=\"article\" \/>\n<meta property=\"og:title\" content=\"CONTACT - NixieFab cr\u00e9ateur d&#039;horloges Nixie de luxe Fran\u00e7aise\" \/>\n<meta property=\"og:description\" content=\"me contacter Je suis \u00e0 votre disposition pour toute demande, question ou explication concernant les diverses possibilit\u00e9s que je vous propose, qu&rsquo;il s&rsquo;agisse de la cr\u00e9ation d&rsquo;horloges sur mesure ou de mod\u00e8les disponibles au catalogue Mon mail : service.client@nixiefab-france.fr Mon t\u00e9l\u00e9phone (FR) 06 86 44 14 02 Avec le formulaire ci-dessous\" \/>\n<meta property=\"og:url\" content=\"https:\/\/nixiefab-france.fr\/en\/contact\/\" \/>\n<meta property=\"og:site_name\" content=\"NixieFab cr\u00e9ateur d&#039;horloges Nixie de luxe Fran\u00e7aise\" \/>\n<meta property=\"article:publisher\" content=\"https:\/\/www.facebook.com\/nixiefab.france\/about\" \/>\n<meta property=\"article:modified_time\" content=\"2024-05-27T08:26:29+00:00\" \/>\n<meta name=\"twitter:card\" content=\"summary_large_image\" \/>\n<meta name=\"twitter:site\" content=\"@NixieFab\" \/>\n<script type=\"application\/ld+json\" class=\"yoast-schema-graph\">{\"@context\":\"https:\\\/\\\/schema.org\",\"@graph\":[{\"@type\":\"WebPage\",\"@id\":\"https:\\\/\\\/nixiefab-france.fr\\\/contact\\\/\",\"url\":\"https:\\\/\\\/nixiefab-france.fr\\\/contact\\\/\",\"name\":\"CONTACT - NixieFab cr\u00e9ateur d&#039;horloges Nixie de luxe Fran\u00e7aise\",\"isPartOf\":{\"@id\":\"https:\\\/\\\/nixiefab-france.fr\\\/#website\"},\"datePublished\":\"2024-05-03T14:51:43+00:00\",\"dateModified\":\"2024-05-27T08:26:29+00:00\",\"breadcrumb\":{\"@id\":\"https:\\\/\\\/nixiefab-france.fr\\\/contact\\\/#breadcrumb\"},\"inLanguage\":\"en-US\",\"potentialAction\":[{\"@type\":\"ReadAction\",\"target\":[\"https:\\\/\\\/nixiefab-france.fr\\\/contact\\\/\"]}]},{\"@type\":\"BreadcrumbList\",\"@id\":\"https:\\\/\\\/nixiefab-france.fr\\\/contact\\\/#breadcrumb\",\"itemListElement\":[{\"@type\":\"ListItem\",\"position\":1,\"name\":\"Accueil\",\"item\":\"https:\\\/\\\/nixiefab-france.fr\\\/\"},{\"@type\":\"ListItem\",\"position\":2,\"name\":\"CONTACT\"}]},{\"@type\":\"WebSite\",\"@id\":\"https:\\\/\\\/nixiefab-france.fr\\\/#website\",\"url\":\"https:\\\/\\\/nixiefab-france.fr\\\/\",\"name\":\"NixieFab cr\u00e9ateur d'horloges Nixie de luxe Fran\u00e7aise\",\"description\":\"Cr\u00e9ateur d&#039;horloges Nixie haut de gamme en France\",\"publisher\":{\"@id\":\"https:\\\/\\\/nixiefab-france.fr\\\/#organization\"},\"potentialAction\":[{\"@type\":\"SearchAction\",\"target\":{\"@type\":\"EntryPoint\",\"urlTemplate\":\"https:\\\/\\\/nixiefab-france.fr\\\/?s={search_term_string}\"},\"query-input\":{\"@type\":\"PropertyValueSpecification\",\"valueRequired\":true,\"valueName\":\"search_term_string\"}}],\"inLanguage\":\"en-US\"},{\"@type\":\"Organization\",\"@id\":\"https:\\\/\\\/nixiefab-france.fr\\\/#organization\",\"name\":\"NixieFab France\",\"url\":\"https:\\\/\\\/nixiefab-france.fr\\\/\",\"logo\":{\"@type\":\"ImageObject\",\"inLanguage\":\"en-US\",\"@id\":\"https:\\\/\\\/nixiefab-france.fr\\\/#\\\/schema\\\/logo\\\/image\\\/\",\"url\":\"https:\\\/\\\/nixiefab-france.fr\\\/wp-content\\\/uploads\\\/2024\\\/04\\\/miniature-or-sur-noir.webp\",\"contentUrl\":\"https:\\\/\\\/nixiefab-france.fr\\\/wp-content\\\/uploads\\\/2024\\\/04\\\/miniature-or-sur-noir.webp\",\"width\":342,\"height\":256,\"caption\":\"NixieFab France\"},\"image\":{\"@id\":\"https:\\\/\\\/nixiefab-france.fr\\\/#\\\/schema\\\/logo\\\/image\\\/\"},\"sameAs\":[\"https:\\\/\\\/www.facebook.com\\\/nixiefab.france\\\/about\",\"https:\\\/\\\/x.com\\\/NixieFab\",\"https:\\\/\\\/www.instagram.com\\\/nixiefab.france\",\"https:\\\/\\\/www.linkedin.com\\\/in\\\/fabrice-champenois-267a10a9\\\/\"]}]}<\/script>\n<!-- \/ Yoast SEO plugin. -->","yoast_head_json":{"title":"CONTACT - NixieFab cr\u00e9ateur d&#039;horloges Nixie de luxe Fran\u00e7aise","robots":{"index":"index","follow":"follow","max-snippet":"max-snippet:-1","max-image-preview":"max-image-preview:large","max-video-preview":"max-video-preview:-1"},"canonical":"https:\/\/nixiefab-france.fr\/en\/contact\/","og_locale":"en_US","og_type":"article","og_title":"CONTACT - NixieFab cr\u00e9ateur d&#039;horloges Nixie de luxe Fran\u00e7aise","og_description":"me contacter Je suis \u00e0 votre disposition pour toute demande, question ou explication concernant les diverses possibilit\u00e9s que je vous propose, qu&rsquo;il s&rsquo;agisse de la cr\u00e9ation d&rsquo;horloges sur mesure ou de mod\u00e8les disponibles au catalogue Mon mail : service.client@nixiefab-france.fr Mon t\u00e9l\u00e9phone (FR) 06 86 44 14 02 Avec le formulaire ci-dessous","og_url":"https:\/\/nixiefab-france.fr\/en\/contact\/","og_site_name":"NixieFab cr\u00e9ateur d&#039;horloges Nixie de luxe Fran\u00e7aise","article_publisher":"https:\/\/www.facebook.com\/nixiefab.france\/about","article_modified_time":"2024-05-27T08:26:29+00:00","twitter_card":"summary_large_image","twitter_site":"@NixieFab","schema":{"@context":"https:\/\/schema.org","@graph":[{"@type":"WebPage","@id":"https:\/\/nixiefab-france.fr\/contact\/","url":"https:\/\/nixiefab-france.fr\/contact\/","name":"CONTACT - NixieFab cr\u00e9ateur d&#039;horloges Nixie de luxe Fran\u00e7aise","isPartOf":{"@id":"https:\/\/nixiefab-france.fr\/#website"},"datePublished":"2024-05-03T14:51:43+00:00","dateModified":"2024-05-27T08:26:29+00:00","breadcrumb":{"@id":"https:\/\/nixiefab-france.fr\/contact\/#breadcrumb"},"inLanguage":"en-US","potentialAction":[{"@type":"ReadAction","target":["https:\/\/nixiefab-france.fr\/contact\/"]}]},{"@type":"BreadcrumbList","@id":"https:\/\/nixiefab-france.fr\/contact\/#breadcrumb","itemListElement":[{"@type":"ListItem","position":1,"name":"Accueil","item":"https:\/\/nixiefab-france.fr\/"},{"@type":"ListItem","position":2,"name":"CONTACT"}]},{"@type":"WebSite","@id":"https:\/\/nixiefab-france.fr\/#website","url":"https:\/\/nixiefab-france.fr\/","name":"NixieFab cr\u00e9ateur d'horloges Nixie de luxe Fran\u00e7aise","description":"Cr\u00e9ateur d&#039;horloges Nixie haut de gamme en France","publisher":{"@id":"https:\/\/nixiefab-france.fr\/#organization"},"potentialAction":[{"@type":"SearchAction","target":{"@type":"EntryPoint","urlTemplate":"https:\/\/nixiefab-france.fr\/?s={search_term_string}"},"query-input":{"@type":"PropertyValueSpecification","valueRequired":true,"valueName":"search_term_string"}}],"inLanguage":"en-US"},{"@type":"Organization","@id":"https:\/\/nixiefab-france.fr\/#organization","name":"NixieFab France","url":"https:\/\/nixiefab-france.fr\/","logo":{"@type":"ImageObject","inLanguage":"en-US","@id":"https:\/\/nixiefab-france.fr\/#\/schema\/logo\/image\/","url":"https:\/\/nixiefab-france.fr\/wp-content\/uploads\/2024\/04\/miniature-or-sur-noir.webp","contentUrl":"https:\/\/nixiefab-france.fr\/wp-content\/uploads\/2024\/04\/miniature-or-sur-noir.webp","width":342,"height":256,"caption":"NixieFab France"},"image":{"@id":"https:\/\/nixiefab-france.fr\/#\/schema\/logo\/image\/"},"sameAs":["https:\/\/www.facebook.com\/nixiefab.france\/about","https:\/\/x.com\/NixieFab","https:\/\/www.instagram.com\/nixiefab.france","https:\/\/www.linkedin.com\/in\/fabrice-champenois-267a10a9\/"]}]}},"_links":{"self":[{"href":"https:\/\/nixiefab-france.fr\/en\/wp-json\/wp\/v2\/pages\/319","targetHints":{"allow":["GET"]}}],"collection":[{"href":"https:\/\/nixiefab-france.fr\/en\/wp-json\/wp\/v2\/pages"}],"about":[{"href":"https:\/\/nixiefab-france.fr\/en\/wp-json\/wp\/v2\/types\/page"}],"author":[{"embeddable":true,"href":"https:\/\/nixiefab-france.fr\/en\/wp-json\/wp\/v2\/users\/1"}],"replies":[{"embeddable":true,"href":"https:\/\/nixiefab-france.fr\/en\/wp-json\/wp\/v2\/comments?post=319"}],"version-history":[{"count":76,"href":"https:\/\/nixiefab-france.fr\/en\/wp-json\/wp\/v2\/pages\/319\/revisions"}],"predecessor-version":[{"id":1398,"href":"https:\/\/nixiefab-france.fr\/en\/wp-json\/wp\/v2\/pages\/319\/revisions\/1398"}],"wp:attachment":[{"href":"https:\/\/nixiefab-france.fr\/en\/wp-json\/wp\/v2\/media?parent=319"}],"curies":[{"name":"wp","href":"https:\/\/api.w.org\/{rel}","templated":true}]}}